{"id":2901,"date":"2025-10-02T17:06:22","date_gmt":"2025-10-02T17:06:22","guid":{"rendered":"https:\/\/uatic.com.co\/?page_id=2901"},"modified":"2025-10-02T17:23:02","modified_gmt":"2025-10-02T17:23:02","slug":"nivel4","status":"publish","type":"page","link":"https:\/\/uatic.com.co\/index.php\/nivel4\/","title":{"rendered":"A\u00f1o 4"},"content":{"rendered":"\t\t<div data-elementor-type=\"wp-page\" data-elementor-id=\"2901\" class=\"elementor elementor-2901\">\n\t\t\t\t\t\t<section class=\"elementor-section elementor-top-section elementor-element elementor-element-c0d7534 elementor-section-boxed elementor-section-height-default elementor-section-height-default\" data-id=\"c0d7534\" data-element_type=\"section\" data-e-type=\"section\">\n\t\t\t\t\t\t<div class=\"elementor-container elementor-column-gap-default\">\n\t\t\t\t\t<div class=\"elementor-column elementor-col-100 elementor-top-column elementor-element elementor-element-1173277\" data-id=\"1173277\" data-element_type=\"column\" data-e-type=\"column\">\n\t\t\t<div class=\"elementor-widget-wrap elementor-element-populated\">\n\t\t\t\t\t\t<div class=\"elementor-element elementor-element-1d10fce elementor-widget elementor-widget-heading\" data-id=\"1d10fce\" data-element_type=\"widget\" data-e-type=\"widget\" data-widget_type=\"heading.default\">\n\t\t\t\t<div class=\"elementor-widget-container\">\n\t\t\t\t\t<h2 class=\"elementor-heading-title elementor-size-default\">El  poder de la imaginaci\u00f3n. Kit de a\u00f1o 4.<\/h2>\t\t\t\t<\/div>\n\t\t\t\t<\/div>\n\t\t\t\t\t<\/div>\n\t\t<\/div>\n\t\t\t\t\t<\/div>\n\t\t<\/section>\n\t\t\t\t<section class=\"elementor-section elementor-top-section elementor-element elementor-element-5cbc385 elementor-section-boxed elementor-section-height-default elementor-section-height-default\" data-id=\"5cbc385\" data-element_type=\"section\" data-e-type=\"section\">\n\t\t\t\t\t\t<div class=\"elementor-container elementor-column-gap-default\">\n\t\t\t\t\t<div class=\"elementor-column elementor-col-50 elementor-top-column elementor-element elementor-element-d05ec80\" data-id=\"d05ec80\" data-element_type=\"column\" data-e-type=\"column\">\n\t\t\t<div class=\"elementor-widget-wrap elementor-element-populated\">\n\t\t\t\t\t\t<div class=\"elementor-element elementor-element-a76be45 elementor-widget elementor-widget-image\" data-id=\"a76be45\" data-element_type=\"widget\" data-e-type=\"widget\" data-widget_type=\"image.default\">\n\t\t\t\t<div class=\"elementor-widget-container\">\n\t\t\t\t\t\t\t\t\t\t\t\t\t\t\t<img fetchpriority=\"high\" decoding=\"async\" width=\"1024\" height=\"781\" src=\"https:\/\/uatic.com.co\/wp-content\/uploads\/2025\/10\/Escena-1-Kits-ano4-b-1024x781.png\" class=\"attachment-large size-large wp-image-2869\" alt=\"\" srcset=\"https:\/\/uatic.com.co\/wp-content\/uploads\/2025\/10\/Escena-1-Kits-ano4-b-1024x781.png 1024w, https:\/\/uatic.com.co\/wp-content\/uploads\/2025\/10\/Escena-1-Kits-ano4-b-300x229.png 300w, https:\/\/uatic.com.co\/wp-content\/uploads\/2025\/10\/Escena-1-Kits-ano4-b-768x586.png 768w, https:\/\/uatic.com.co\/wp-content\/uploads\/2025\/10\/Escena-1-Kits-ano4-b.png 1416w\" sizes=\"(max-width: 1024px) 100vw, 1024px\" \/>\t\t\t\t\t\t\t\t\t\t\t\t\t\t\t<\/div>\n\t\t\t\t<\/div>\n\t\t\t\t\t<\/div>\n\t\t<\/div>\n\t\t\t\t<div class=\"elementor-column elementor-col-50 elementor-top-column elementor-element elementor-element-3bb9409\" data-id=\"3bb9409\" data-element_type=\"column\" data-e-type=\"column\">\n\t\t\t<div class=\"elementor-widget-wrap elementor-element-populated\">\n\t\t\t\t\t\t<div class=\"elementor-element elementor-element-6cb16de elementor-widget elementor-widget-text-editor\" data-id=\"6cb16de\" data-element_type=\"widget\" data-e-type=\"widget\" data-widget_type=\"text-editor.default\">\n\t\t\t\t<div class=\"elementor-widget-container\">\n\t\t\t\t\t\t\t\t\t<p>La experiencia m\u00e1s significativa de nuestra vida escolar es cuando logramos que nuestros saberes y habilidades se expresen en la realidad en nuestros contextos cotidianos pero con este plan de trabajo de a\u00f1o 4 ha llegado la hora de hacerlo realidad. Han sido cuatro a\u00f1os maravillosos llenos de nuevos saberes, experiencias llenas de conocimiento y diversi\u00f3n, fueron tiempos donde enfrentamos retos super incre\u00edbles, dif\u00edciles algunos pero que con persistencia y mucha dedicaci\u00f3n los hemos superado.<\/p><p>El saber de la mecatr\u00f3nica a trav\u00e9s del m\u00e9todo CTIAM de la Fundaci\u00f3n UATIC, nos ha llevado a un momento \u00fanico y especial, por ello este a\u00f1o completaremos nuestro entrenamiento para poder aplicar nuestros saberes y dar libre desarrollo a todas las habilidades adquiridas. Es un a\u00f1o donde se aprender\u00e1 no solo de complementos tecnol\u00f3gicos sino que se trabajar\u00e1 en los fundamentos para iniciar emprendimientos, crear START UPs, proyectar un plan de vida sin importar el \u00e1mbito en el que el estudiante quiera desempe\u00f1arse a futuro.<\/p><p>El plan y kit de a\u00f1o 4, fundamenta estrategias que potenciar\u00e1n el proyecto de vida de los estudiantes, el \u00e9nfasis en el desarrollo de proyectos aplicables a nuestros entornos y que tengan alto impacto, ser\u00e1n la herramienta poderosa para el resto de la vida.<\/p>\t\t\t\t\t\t\t\t<\/div>\n\t\t\t\t<\/div>\n\t\t\t\t\t<\/div>\n\t\t<\/div>\n\t\t\t\t\t<\/div>\n\t\t<\/section>\n\t\t\t\t<\/div>\n\t\t","protected":false},"excerpt":{"rendered":"<p>El poder de la imaginaci\u00f3n. Kit de a\u00f1o 4. La experiencia m\u00e1s significativa de nuestra vida escolar es cuando logramos que nuestros saberes y habilidades se expresen en la realidad en nuestros contextos cotidianos pero con este plan de trabajo de a\u00f1o 4 ha llegado la hora de hacerlo realidad. Han sido cuatro a\u00f1os maravillosos [&hellip;]<\/p>\n","protected":false},"author":1,"featured_media":0,"parent":0,"menu_order":0,"comment_status":"closed","ping_status":"closed","template":"","meta":{"site-sidebar-layout":"no-sidebar","site-content-layout":"page-builder","ast-site-content-layout":"full-width-container","site-content-style":"default","site-sidebar-style":"default","ast-global-header-display":"","ast-banner-title-visibility":"","ast-main-header-display":"","ast-hfb-above-header-display":"","ast-hfb-below-header-display":"","ast-hfb-mobile-header-display":"","site-post-title":"","ast-breadcrumbs-content":"","ast-featured-img":"disabled","footer-sml-layout":"","ast-disable-related-posts":"","theme-transparent-header-meta":"","adv-header-id-meta":"","stick-header-meta":"","header-above-stick-meta":"","header-main-stick-meta":"","header-below-stick-meta":"","astra-migrate-meta-layouts":"set","ast-page-background-enabled":"default","ast-page-background-meta":{"desktop":{"background-color":"","background-image":"","background-repeat":"repeat","background-position":"center center","background-size":"auto","background-attachment":"scroll","background-type":"","background-media":"","overlay-type":"","overlay-color":"","overlay-opacity":"","overlay-gradient":""},"tablet":{"background-color":"","background-image":"","background-repeat":"repeat","background-position":"center center","background-size":"auto","background-attachment":"scroll","background-type":"","background-media":"","overlay-type":"","overlay-color":"","overlay-opacity":"","overlay-gradient":""},"mobile":{"background-color":"","background-image":"","background-repeat":"repeat","background-position":"center center","background-size":"auto","background-attachment":"scroll","background-type":"","background-media":"","overlay-type":"","overlay-color":"","overlay-opacity":"","overlay-gradient":""}},"ast-content-background-meta":{"desktop":{"background-color":"var(--ast-global-color-5)","background-image":"","background-repeat":"repeat","background-position":"center center","background-size":"auto","background-attachment":"scroll","background-type":"","background-media":"","overlay-type":"","overlay-color":"","overlay-opacity":"","overlay-gradient":""},"tablet":{"background-color":"var(--ast-global-color-5)","background-image":"","background-repeat":"repeat","background-position":"center center","background-size":"auto","background-attachment":"scroll","background-type":"","background-media":"","overlay-type":"","overlay-color":"","overlay-opacity":"","overlay-gradient":""},"mobile":{"background-color":"var(--ast-global-color-5)","background-image":"","background-repeat":"repeat","background-position":"center center","background-size":"auto","background-attachment":"scroll","background-type":"","background-media":"","overlay-type":"","overlay-color":"","overlay-opacity":"","overlay-gradient":""}},"footnotes":""},"class_list":["post-2901","page","type-page","status-publish","hentry"],"aioseo_notices":[],"jetpack_sharing_enabled":true,"_links":{"self":[{"href":"https:\/\/uatic.com.co\/index.php\/wp-json\/wp\/v2\/pages\/2901","targetHints":{"allow":["GET"]}}],"collection":[{"href":"https:\/\/uatic.com.co\/index.php\/wp-json\/wp\/v2\/pages"}],"about":[{"href":"https:\/\/uatic.com.co\/index.php\/wp-json\/wp\/v2\/types\/page"}],"author":[{"embeddable":true,"href":"https:\/\/uatic.com.co\/index.php\/wp-json\/wp\/v2\/users\/1"}],"replies":[{"embeddable":true,"href":"https:\/\/uatic.com.co\/index.php\/wp-json\/wp\/v2\/comments?post=2901"}],"version-history":[{"count":4,"href":"https:\/\/uatic.com.co\/index.php\/wp-json\/wp\/v2\/pages\/2901\/revisions"}],"predecessor-version":[{"id":2906,"href":"https:\/\/uatic.com.co\/index.php\/wp-json\/wp\/v2\/pages\/2901\/revisions\/2906"}],"wp:attachment":[{"href":"https:\/\/uatic.com.co\/index.php\/wp-json\/wp\/v2\/media?parent=2901"}],"curies":[{"name":"wp","href":"https:\/\/api.w.org\/{rel}","templated":true}]}}