{"id":2886,"date":"2025-10-02T16:38:32","date_gmt":"2025-10-02T16:38:32","guid":{"rendered":"https:\/\/uatic.com.co\/?page_id=2886"},"modified":"2025-10-02T17:21:43","modified_gmt":"2025-10-02T17:21:43","slug":"nivel3","status":"publish","type":"page","link":"https:\/\/uatic.com.co\/index.php\/nivel3\/","title":{"rendered":"A\u00f1o 3"},"content":{"rendered":"\t\t<div data-elementor-type=\"wp-page\" data-elementor-id=\"2886\" class=\"elementor elementor-2886\">\n\t\t\t\t\t\t<section class=\"elementor-section elementor-top-section elementor-element elementor-element-cbe9146 elementor-section-boxed elementor-section-height-default elementor-section-height-default\" data-id=\"cbe9146\" data-element_type=\"section\" data-e-type=\"section\">\n\t\t\t\t\t\t<div class=\"elementor-container elementor-column-gap-default\">\n\t\t\t\t\t<div class=\"elementor-column elementor-col-100 elementor-top-column elementor-element elementor-element-1db3284\" data-id=\"1db3284\" data-element_type=\"column\" data-e-type=\"column\">\n\t\t\t<div class=\"elementor-widget-wrap elementor-element-populated\">\n\t\t\t\t\t\t<div class=\"elementor-element elementor-element-e927be5 elementor-widget elementor-widget-heading\" data-id=\"e927be5\" data-element_type=\"widget\" data-e-type=\"widget\" data-widget_type=\"heading.default\">\n\t\t\t\t<div class=\"elementor-widget-container\">\n\t\t\t\t\t<h2 class=\"elementor-heading-title elementor-size-default\">El poder de la comunicaci\u00f3n. Kit de a\u00f1o 3.<\/h2>\t\t\t\t<\/div>\n\t\t\t\t<\/div>\n\t\t\t\t\t<\/div>\n\t\t<\/div>\n\t\t\t\t\t<\/div>\n\t\t<\/section>\n\t\t\t\t<section class=\"elementor-section elementor-top-section elementor-element elementor-element-1b33439 elementor-section-boxed elementor-section-height-default elementor-section-height-default\" data-id=\"1b33439\" data-element_type=\"section\" data-e-type=\"section\">\n\t\t\t\t\t\t<div class=\"elementor-container elementor-column-gap-default\">\n\t\t\t\t\t<div class=\"elementor-column elementor-col-50 elementor-top-column elementor-element elementor-element-186f171\" data-id=\"186f171\" data-element_type=\"column\" data-e-type=\"column\">\n\t\t\t<div class=\"elementor-widget-wrap elementor-element-populated\">\n\t\t\t\t\t\t<div class=\"elementor-element elementor-element-2775de4 elementor-widget elementor-widget-text-editor\" data-id=\"2775de4\" data-element_type=\"widget\" data-e-type=\"widget\" data-widget_type=\"text-editor.default\">\n\t\t\t\t<div class=\"elementor-widget-container\">\n\t\t\t\t\t\t\t\t\t<p>El programa para a\u00f1o 3, <strong><em>EL PODER DE LA COMUNICACI\u00d3N<\/em><\/strong>, da respuesta a los desaf\u00edos m\u00e1s increibles de nuestro mundo moderno, las comunicaciones, el viaje de la informaci\u00f3n a trav\u00e9s de los cielos, desde los sat\u00e9lites hasta cualquier rinc\u00f3n del mundo, as\u00ed mismo a trav\u00e9s de los cables que dan confiabilidad y seguridad en las comunicaciones cr\u00edticas.<br><span style=\"font-style: inherit; font-weight: inherit;\"><br>Ya nuestro tercer a\u00f1o en el recorrido por el fascinante mundo de la rob\u00f3tica, internet de las cosas, automatismos, modelizaci\u00f3n 3D, programaci\u00f3n, en fin dar vida y forma a esa&nbsp; gran experiencia que hemos estado viviendo., a trav\u00e9s del modelo CTIAM de la Fundaci\u00f3n UATIC.<br><\/span><span style=\"font-style: inherit; font-weight: inherit;\"><br>Ahora enfrentaremos nuevos retos basados en los principios, normas y tecnolog\u00edas que se usan en la comunicaci\u00f3n inal\u00e1mbrica, especialmente la que surge a trav\u00e9s del uso de las ondas por tecnolog\u00edas como la de Wi-Fi o BlueTooth.<br><\/span><span style=\"font-style: inherit; font-weight: inherit;\"><br>Nuestro Kit de tercer a\u00f1o est\u00e1 dise\u00f1ado para que aprenderemos de manera muy pr\u00e1ctica y divertida a integrar nuestros dispositivos m\u00f3viles a nuestros diferentes proyectos del programa de formaci\u00f3n y desarrollo de habilidades en ciencia, tecnolog\u00eda, ingenier\u00eda, artes y matem\u00e1ticas CTIAM.&nbsp;&nbsp;<br><\/span><span style=\"font-style: inherit; font-weight: inherit;\"><br>El plan de trabajo y kit permite el desarrollo de&nbsp; muchos proyectos y provee de recursos muy \u00fatiles para la formaci\u00f3n integral de cada estudiante, todo basado en nuestro modelo CTIAM especialmente pensado para ni\u00f1os desde los 7 a\u00f1os en adelante.<\/span><\/p>\t\t\t\t\t\t\t\t<\/div>\n\t\t\t\t<\/div>\n\t\t\t\t\t<\/div>\n\t\t<\/div>\n\t\t\t\t<div class=\"elementor-column elementor-col-50 elementor-top-column elementor-element elementor-element-0e97906\" data-id=\"0e97906\" data-element_type=\"column\" data-e-type=\"column\">\n\t\t\t<div class=\"elementor-widget-wrap elementor-element-populated\">\n\t\t\t\t\t\t<div class=\"elementor-element elementor-element-9120537 elementor-widget elementor-widget-image\" data-id=\"9120537\" data-element_type=\"widget\" data-e-type=\"widget\" data-widget_type=\"image.default\">\n\t\t\t\t<div class=\"elementor-widget-container\">\n\t\t\t\t\t\t\t\t\t\t\t\t\t\t\t<img fetchpriority=\"high\" decoding=\"async\" width=\"1374\" height=\"1080\" src=\"https:\/\/uatic.com.co\/wp-content\/uploads\/2025\/10\/Escena-1-Kits-ano-3-b.png\" class=\"attachment-full size-full wp-image-2868\" alt=\"\" srcset=\"https:\/\/uatic.com.co\/wp-content\/uploads\/2025\/10\/Escena-1-Kits-ano-3-b.png 1374w, https:\/\/uatic.com.co\/wp-content\/uploads\/2025\/10\/Escena-1-Kits-ano-3-b-300x236.png 300w, https:\/\/uatic.com.co\/wp-content\/uploads\/2025\/10\/Escena-1-Kits-ano-3-b-1024x805.png 1024w, https:\/\/uatic.com.co\/wp-content\/uploads\/2025\/10\/Escena-1-Kits-ano-3-b-768x604.png 768w\" sizes=\"(max-width: 1374px) 100vw, 1374px\" \/>\t\t\t\t\t\t\t\t\t\t\t\t\t\t\t<\/div>\n\t\t\t\t<\/div>\n\t\t\t\t\t<\/div>\n\t\t<\/div>\n\t\t\t\t\t<\/div>\n\t\t<\/section>\n\t\t\t\t<\/div>\n\t\t","protected":false},"excerpt":{"rendered":"<p>El poder de la comunicaci\u00f3n. Kit de a\u00f1o 3. El programa para a\u00f1o 3, EL PODER DE LA COMUNICACI\u00d3N, da respuesta a los desaf\u00edos m\u00e1s increibles de nuestro mundo moderno, las comunicaciones, el viaje de la informaci\u00f3n a trav\u00e9s de los cielos, desde los sat\u00e9lites hasta cualquier rinc\u00f3n del mundo, as\u00ed mismo a trav\u00e9s de [&hellip;]<\/p>\n","protected":false},"author":1,"featured_media":0,"parent":0,"menu_order":0,"comment_status":"closed","ping_status":"closed","template":"","meta":{"site-sidebar-layout":"no-sidebar","site-content-layout":"page-builder","ast-site-content-layout":"full-width-container","site-content-style":"default","site-sidebar-style":"default","ast-global-header-display":"","ast-banner-title-visibility":"","ast-main-header-display":"","ast-hfb-above-header-display":"","ast-hfb-below-header-display":"","ast-hfb-mobile-header-display":"","site-post-title":"","ast-breadcrumbs-content":"","ast-featured-img":"disabled","footer-sml-layout":"","ast-disable-related-posts":"","theme-transparent-header-meta":"","adv-header-id-meta":"","stick-header-meta":"","header-above-stick-meta":"","header-main-stick-meta":"","header-below-stick-meta":"","astra-migrate-meta-layouts":"set","ast-page-background-enabled":"default","ast-page-background-meta":{"desktop":{"background-color":"","background-image":"","background-repeat":"repeat","background-position":"center center","background-size":"auto","background-attachment":"scroll","background-type":"","background-media":"","overlay-type":"","overlay-color":"","overlay-opacity":"","overlay-gradient":""},"tablet":{"background-color":"","background-image":"","background-repeat":"repeat","background-position":"center center","background-size":"auto","background-attachment":"scroll","background-type":"","background-media":"","overlay-type":"","overlay-color":"","overlay-opacity":"","overlay-gradient":""},"mobile":{"background-color":"","background-image":"","background-repeat":"repeat","background-position":"center center","background-size":"auto","background-attachment":"scroll","background-type":"","background-media":"","overlay-type":"","overlay-color":"","overlay-opacity":"","overlay-gradient":""}},"ast-content-background-meta":{"desktop":{"background-color":"var(--ast-global-color-5)","background-image":"","background-repeat":"repeat","background-position":"center center","background-size":"auto","background-attachment":"scroll","background-type":"","background-media":"","overlay-type":"","overlay-color":"","overlay-opacity":"","overlay-gradient":""},"tablet":{"background-color":"var(--ast-global-color-5)","background-image":"","background-repeat":"repeat","background-position":"center center","background-size":"auto","background-attachment":"scroll","background-type":"","background-media":"","overlay-type":"","overlay-color":"","overlay-opacity":"","overlay-gradient":""},"mobile":{"background-color":"var(--ast-global-color-5)","background-image":"","background-repeat":"repeat","background-position":"center center","background-size":"auto","background-attachment":"scroll","background-type":"","background-media":"","overlay-type":"","overlay-color":"","overlay-opacity":"","overlay-gradient":""}},"footnotes":""},"class_list":["post-2886","page","type-page","status-publish","hentry"],"aioseo_notices":[],"jetpack_sharing_enabled":true,"_links":{"self":[{"href":"https:\/\/uatic.com.co\/index.php\/wp-json\/wp\/v2\/pages\/2886","targetHints":{"allow":["GET"]}}],"collection":[{"href":"https:\/\/uatic.com.co\/index.php\/wp-json\/wp\/v2\/pages"}],"about":[{"href":"https:\/\/uatic.com.co\/index.php\/wp-json\/wp\/v2\/types\/page"}],"author":[{"embeddable":true,"href":"https:\/\/uatic.com.co\/index.php\/wp-json\/wp\/v2\/users\/1"}],"replies":[{"embeddable":true,"href":"https:\/\/uatic.com.co\/index.php\/wp-json\/wp\/v2\/comments?post=2886"}],"version-history":[{"count":7,"href":"https:\/\/uatic.com.co\/index.php\/wp-json\/wp\/v2\/pages\/2886\/revisions"}],"predecessor-version":[{"id":2900,"href":"https:\/\/uatic.com.co\/index.php\/wp-json\/wp\/v2\/pages\/2886\/revisions\/2900"}],"wp:attachment":[{"href":"https:\/\/uatic.com.co\/index.php\/wp-json\/wp\/v2\/media?parent=2886"}],"curies":[{"name":"wp","href":"https:\/\/api.w.org\/{rel}","templated":true}]}}