{"id":2876,"date":"2025-10-02T16:25:29","date_gmt":"2025-10-02T16:25:29","guid":{"rendered":"https:\/\/uatic.com.co\/?page_id=2876"},"modified":"2025-10-02T17:20:33","modified_gmt":"2025-10-02T17:20:33","slug":"nivel2","status":"publish","type":"page","link":"https:\/\/uatic.com.co\/index.php\/nivel2\/","title":{"rendered":"A\u00f1o 2"},"content":{"rendered":"\t\t<div data-elementor-type=\"wp-page\" data-elementor-id=\"2876\" class=\"elementor elementor-2876\">\n\t\t\t\t\t\t<section class=\"elementor-section elementor-top-section elementor-element elementor-element-0d252a8 elementor-section-boxed elementor-section-height-default elementor-section-height-default\" data-id=\"0d252a8\" data-element_type=\"section\" data-e-type=\"section\">\n\t\t\t\t\t\t<div class=\"elementor-container elementor-column-gap-default\">\n\t\t\t\t\t<div class=\"elementor-column elementor-col-100 elementor-top-column elementor-element elementor-element-9fbbf79\" data-id=\"9fbbf79\" data-element_type=\"column\" data-e-type=\"column\">\n\t\t\t<div class=\"elementor-widget-wrap elementor-element-populated\">\n\t\t\t\t\t\t<div class=\"elementor-element elementor-element-0c9eca6 elementor-widget elementor-widget-heading\" data-id=\"0c9eca6\" data-element_type=\"widget\" data-e-type=\"widget\" data-widget_type=\"heading.default\">\n\t\t\t\t<div class=\"elementor-widget-container\">\n\t\t\t\t\t<h2 class=\"elementor-heading-title elementor-size-default\">El poder del movimiento. Programa y kit a\u00f1o 2.<\/h2>\t\t\t\t<\/div>\n\t\t\t\t<\/div>\n\t\t\t\t\t<\/div>\n\t\t<\/div>\n\t\t\t\t\t<\/div>\n\t\t<\/section>\n\t\t\t\t<section class=\"elementor-section elementor-top-section elementor-element elementor-element-beecba5 elementor-section-boxed elementor-section-height-default elementor-section-height-default\" data-id=\"beecba5\" data-element_type=\"section\" data-e-type=\"section\">\n\t\t\t\t\t\t<div class=\"elementor-container elementor-column-gap-default\">\n\t\t\t\t\t<div class=\"elementor-column elementor-col-50 elementor-top-column elementor-element elementor-element-a060795\" data-id=\"a060795\" data-element_type=\"column\" data-e-type=\"column\">\n\t\t\t<div class=\"elementor-widget-wrap elementor-element-populated\">\n\t\t\t\t\t\t<div class=\"elementor-element elementor-element-c9b743a elementor-widget elementor-widget-image\" data-id=\"c9b743a\" data-element_type=\"widget\" data-e-type=\"widget\" data-widget_type=\"image.default\">\n\t\t\t\t<div class=\"elementor-widget-container\">\n\t\t\t\t\t\t\t\t\t\t\t\t\t\t\t<img fetchpriority=\"high\" decoding=\"async\" width=\"1024\" height=\"796\" src=\"https:\/\/uatic.com.co\/wp-content\/uploads\/2025\/10\/Escena-1-Kits-ano-2-b-1024x796.png\" class=\"attachment-large size-large wp-image-2867\" alt=\"\" srcset=\"https:\/\/uatic.com.co\/wp-content\/uploads\/2025\/10\/Escena-1-Kits-ano-2-b-1024x796.png 1024w, https:\/\/uatic.com.co\/wp-content\/uploads\/2025\/10\/Escena-1-Kits-ano-2-b-300x233.png 300w, https:\/\/uatic.com.co\/wp-content\/uploads\/2025\/10\/Escena-1-Kits-ano-2-b-768x597.png 768w, https:\/\/uatic.com.co\/wp-content\/uploads\/2025\/10\/Escena-1-Kits-ano-2-b.png 1389w\" sizes=\"(max-width: 1024px) 100vw, 1024px\" \/>\t\t\t\t\t\t\t\t\t\t\t\t\t\t\t<\/div>\n\t\t\t\t<\/div>\n\t\t\t\t\t<\/div>\n\t\t<\/div>\n\t\t\t\t<div class=\"elementor-column elementor-col-50 elementor-top-column elementor-element elementor-element-d593f97\" data-id=\"d593f97\" data-element_type=\"column\" data-e-type=\"column\">\n\t\t\t<div class=\"elementor-widget-wrap elementor-element-populated\">\n\t\t\t\t\t\t<div class=\"elementor-element elementor-element-86890f3 elementor-widget elementor-widget-text-editor\" data-id=\"86890f3\" data-element_type=\"widget\" data-e-type=\"widget\" data-widget_type=\"text-editor.default\">\n\t\t\t\t<div class=\"elementor-widget-container\">\n\t\t\t\t\t\t\t\t\t<p>El programa de segundo a\u00f1o es un paso significativo dentro del proceso de desarrollo de habilidades <b>CTIAM<\/b>.\u00a0 Ahora hablamos de otro nivel, los fundamentos de primer a\u00f1o ser\u00e1n claves para potenciar el segundo a\u00f1o del programa <b>CTIAM <\/b>de la <b>Fundaci\u00f3n UATIC<\/b>.<\/p><p>Ahora pasamos a sumar, s\u00ed, sumar todo lo de a\u00f1o 1 con lo de a\u00f1o 2, potenciando los proyectos de innovaci\u00f3n que se iniciaron en a\u00f1o 1. Todo empieza a moverse, la fascinante interacci\u00f3n del poder de los elementos, la transformaci\u00f3n de la energ\u00eda, sus fuentes y la capacidad para transformarla en favor de la humanidad.<\/p><p>El fundamento y principios claves para un planeta sostenible, pero que a su vez pueda brindar soluciones para las necesidades m\u00e1s sentidas del ser humano y fomentar principios de igualdad en cuanto al acceso de la tecnolog\u00eda para la vida.\u00a0<\/p><p>El \u00e9nfasis en el desarrollo del pensamiento l\u00f3gico, l\u00f3gico computacional, el an\u00e1lisis de problemas complejos, planteamiento de soluciones, potenciar los saberes a trav\u00e9s de los recursos tecnol\u00f3gicos actuales, uso de las IA y muchas otras herramientas m\u00e1s ser\u00e1n claves para alcanzar las metas del nivel 2.\u00a0<br \/><br \/>La ruta\u00a0<span style=\"font-weight: bold;\">CTIAM\u00a0<\/span>nivel 2, incluye el kit de segundo a\u00f1o y accesos a la plataforma WEB, en donde se encuentra todo el material multimedia que\u00a0 guiar\u00e1 paso a paso por la ruta CTIAM y permite lograr todos las metas propuestas. El Kit est\u00e1 dise\u00f1ado con un enfoque para ni\u00f1os y ni\u00f1as\u00a0 de 10 a 14 a\u00f1os.<\/p>\t\t\t\t\t\t\t\t<\/div>\n\t\t\t\t<\/div>\n\t\t\t\t\t<\/div>\n\t\t<\/div>\n\t\t\t\t\t<\/div>\n\t\t<\/section>\n\t\t\t\t<\/div>\n\t\t","protected":false},"excerpt":{"rendered":"<p>El poder del movimiento. Programa y kit a\u00f1o 2. El programa de segundo a\u00f1o es un paso significativo dentro del proceso de desarrollo de habilidades CTIAM.\u00a0 Ahora hablamos de otro nivel, los fundamentos de primer a\u00f1o ser\u00e1n claves para potenciar el segundo a\u00f1o del programa CTIAM de la Fundaci\u00f3n UATIC. Ahora pasamos a sumar, s\u00ed, [&hellip;]<\/p>\n","protected":false},"author":1,"featured_media":0,"parent":0,"menu_order":0,"comment_status":"closed","ping_status":"closed","template":"","meta":{"site-sidebar-layout":"no-sidebar","site-content-layout":"page-builder","ast-site-content-layout":"full-width-container","site-content-style":"default","site-sidebar-style":"default","ast-global-header-display":"","ast-banner-title-visibility":"","ast-main-header-display":"","ast-hfb-above-header-display":"","ast-hfb-below-header-display":"","ast-hfb-mobile-header-display":"","site-post-title":"","ast-breadcrumbs-content":"","ast-featured-img":"disabled","footer-sml-layout":"","ast-disable-related-posts":"","theme-transparent-header-meta":"","adv-header-id-meta":"","stick-header-meta":"","header-above-stick-meta":"","header-main-stick-meta":"","header-below-stick-meta":"","astra-migrate-meta-layouts":"set","ast-page-background-enabled":"default","ast-page-background-meta":{"desktop":{"background-color":"","background-image":"","background-repeat":"repeat","background-position":"center center","background-size":"auto","background-attachment":"scroll","background-type":"","background-media":"","overlay-type":"","overlay-color":"","overlay-opacity":"","overlay-gradient":""},"tablet":{"background-color":"","background-image":"","background-repeat":"repeat","background-position":"center center","background-size":"auto","background-attachment":"scroll","background-type":"","background-media":"","overlay-type":"","overlay-color":"","overlay-opacity":"","overlay-gradient":""},"mobile":{"background-color":"","background-image":"","background-repeat":"repeat","background-position":"center center","background-size":"auto","background-attachment":"scroll","background-type":"","background-media":"","overlay-type":"","overlay-color":"","overlay-opacity":"","overlay-gradient":""}},"ast-content-background-meta":{"desktop":{"background-color":"var(--ast-global-color-5)","background-image":"","background-repeat":"repeat","background-position":"center center","background-size":"auto","background-attachment":"scroll","background-type":"","background-media":"","overlay-type":"","overlay-color":"","overlay-opacity":"","overlay-gradient":""},"tablet":{"background-color":"var(--ast-global-color-5)","background-image":"","background-repeat":"repeat","background-position":"center center","background-size":"auto","background-attachment":"scroll","background-type":"","background-media":"","overlay-type":"","overlay-color":"","overlay-opacity":"","overlay-gradient":""},"mobile":{"background-color":"var(--ast-global-color-5)","background-image":"","background-repeat":"repeat","background-position":"center center","background-size":"auto","background-attachment":"scroll","background-type":"","background-media":"","overlay-type":"","overlay-color":"","overlay-opacity":"","overlay-gradient":""}},"footnotes":""},"class_list":["post-2876","page","type-page","status-publish","hentry"],"aioseo_notices":[],"jetpack_sharing_enabled":true,"_links":{"self":[{"href":"https:\/\/uatic.com.co\/index.php\/wp-json\/wp\/v2\/pages\/2876","targetHints":{"allow":["GET"]}}],"collection":[{"href":"https:\/\/uatic.com.co\/index.php\/wp-json\/wp\/v2\/pages"}],"about":[{"href":"https:\/\/uatic.com.co\/index.php\/wp-json\/wp\/v2\/types\/page"}],"author":[{"embeddable":true,"href":"https:\/\/uatic.com.co\/index.php\/wp-json\/wp\/v2\/users\/1"}],"replies":[{"embeddable":true,"href":"https:\/\/uatic.com.co\/index.php\/wp-json\/wp\/v2\/comments?post=2876"}],"version-history":[{"count":14,"href":"https:\/\/uatic.com.co\/index.php\/wp-json\/wp\/v2\/pages\/2876\/revisions"}],"predecessor-version":[{"id":2917,"href":"https:\/\/uatic.com.co\/index.php\/wp-json\/wp\/v2\/pages\/2876\/revisions\/2917"}],"wp:attachment":[{"href":"https:\/\/uatic.com.co\/index.php\/wp-json\/wp\/v2\/media?parent=2876"}],"curies":[{"name":"wp","href":"https:\/\/api.w.org\/{rel}","templated":true}]}}