{"id":2835,"date":"2025-10-01T20:24:35","date_gmt":"2025-10-01T20:24:35","guid":{"rendered":"https:\/\/uatic.com.co\/?page_id=2835"},"modified":"2025-10-01T20:45:30","modified_gmt":"2025-10-01T20:45:30","slug":"programa-para-ludicas","status":"publish","type":"page","link":"https:\/\/uatic.com.co\/index.php\/programa-para-ludicas\/","title":{"rendered":"Programa para l\u00fadicas"},"content":{"rendered":"\t\t<div data-elementor-type=\"wp-page\" data-elementor-id=\"2835\" class=\"elementor elementor-2835\">\n\t\t\t\t\t\t<section class=\"elementor-section elementor-top-section elementor-element elementor-element-b2cdef4 elementor-section-boxed elementor-section-height-default elementor-section-height-default\" data-id=\"b2cdef4\" data-element_type=\"section\" data-e-type=\"section\">\n\t\t\t\t\t\t<div class=\"elementor-container elementor-column-gap-default\">\n\t\t\t\t\t<div class=\"elementor-column elementor-col-100 elementor-top-column elementor-element elementor-element-4c9704d\" data-id=\"4c9704d\" data-element_type=\"column\" data-e-type=\"column\">\n\t\t\t<div class=\"elementor-widget-wrap\">\n\t\t\t\t\t\t\t<\/div>\n\t\t<\/div>\n\t\t\t\t\t<\/div>\n\t\t<\/section>\n\t\t\t\t<section class=\"elementor-section elementor-top-section elementor-element elementor-element-058bab6 elementor-section-boxed elementor-section-height-default elementor-section-height-default\" data-id=\"058bab6\" data-element_type=\"section\" data-e-type=\"section\" data-settings=\"{&quot;background_background&quot;:&quot;classic&quot;}\">\n\t\t\t\t\t\t<div class=\"elementor-container elementor-column-gap-default\">\n\t\t\t\t\t<div class=\"elementor-column elementor-col-100 elementor-top-column elementor-element elementor-element-c1dc3d8\" data-id=\"c1dc3d8\" data-element_type=\"column\" data-e-type=\"column\" data-settings=\"{&quot;background_background&quot;:&quot;classic&quot;}\">\n\t\t\t<div class=\"elementor-widget-wrap elementor-element-populated\">\n\t\t\t\t\t\t<div class=\"elementor-element elementor-element-8fa6729 elementor-widget elementor-widget-heading\" data-id=\"8fa6729\" data-element_type=\"widget\" data-e-type=\"widget\" data-widget_type=\"heading.default\">\n\t\t\t\t<div class=\"elementor-widget-container\">\n\t\t\t\t\t<h2 class=\"elementor-heading-title elementor-size-default\">Programa de formaci\u00f3n en mecatr\u00f3nica CTIAM - Modalidad l\u00fadicas escolares<\/h2>\t\t\t\t<\/div>\n\t\t\t\t<\/div>\n\t\t\t\t\t<\/div>\n\t\t<\/div>\n\t\t\t\t\t<\/div>\n\t\t<\/section>\n\t\t\t\t<section class=\"elementor-section elementor-top-section elementor-element elementor-element-e414d64 elementor-section-boxed elementor-section-height-default elementor-section-height-default\" data-id=\"e414d64\" data-element_type=\"section\" data-e-type=\"section\">\n\t\t\t\t\t\t<div class=\"elementor-container elementor-column-gap-default\">\n\t\t\t\t\t<div class=\"elementor-column elementor-col-100 elementor-top-column elementor-element elementor-element-9fe7d21\" data-id=\"9fe7d21\" data-element_type=\"column\" data-e-type=\"column\">\n\t\t\t<div class=\"elementor-widget-wrap\">\n\t\t\t\t\t\t\t<\/div>\n\t\t<\/div>\n\t\t\t\t\t<\/div>\n\t\t<\/section>\n\t\t\t\t<section class=\"elementor-section elementor-top-section elementor-element elementor-element-e566b8c elementor-section-boxed elementor-section-height-default elementor-section-height-default\" data-id=\"e566b8c\" data-element_type=\"section\" data-e-type=\"section\">\n\t\t\t\t\t\t<div class=\"elementor-container elementor-column-gap-default\">\n\t\t\t\t\t<div class=\"elementor-column elementor-col-50 elementor-top-column elementor-element elementor-element-1e8fae6\" data-id=\"1e8fae6\" data-element_type=\"column\" data-e-type=\"column\">\n\t\t\t<div class=\"elementor-widget-wrap elementor-element-populated\">\n\t\t\t\t\t\t<div class=\"elementor-element elementor-element-2091644 elementor-widget elementor-widget-image\" data-id=\"2091644\" data-element_type=\"widget\" data-e-type=\"widget\" data-widget_type=\"image.default\">\n\t\t\t\t<div class=\"elementor-widget-container\">\n\t\t\t\t\t\t\t\t\t\t\t\t\t\t\t<img fetchpriority=\"high\" decoding=\"async\" width=\"1024\" height=\"1024\" src=\"https:\/\/uatic.com.co\/wp-content\/uploads\/2021\/12\/pic-ua-2-1024x1024.jpg\" class=\"attachment-large size-large wp-image-2443\" alt=\"\" srcset=\"https:\/\/uatic.com.co\/wp-content\/uploads\/2021\/12\/pic-ua-2-1024x1024.jpg 1024w, https:\/\/uatic.com.co\/wp-content\/uploads\/2021\/12\/pic-ua-2-300x300.jpg 300w, https:\/\/uatic.com.co\/wp-content\/uploads\/2021\/12\/pic-ua-2-150x150.jpg 150w, https:\/\/uatic.com.co\/wp-content\/uploads\/2021\/12\/pic-ua-2-768x768.jpg 768w, https:\/\/uatic.com.co\/wp-content\/uploads\/2021\/12\/pic-ua-2-1320x1320.jpg 1320w, https:\/\/uatic.com.co\/wp-content\/uploads\/2021\/12\/pic-ua-2-600x600.jpg 600w, https:\/\/uatic.com.co\/wp-content\/uploads\/2021\/12\/pic-ua-2-100x100.jpg 100w, https:\/\/uatic.com.co\/wp-content\/uploads\/2021\/12\/pic-ua-2.jpg 1500w\" sizes=\"(max-width: 1024px) 100vw, 1024px\" \/>\t\t\t\t\t\t\t\t\t\t\t\t\t\t\t<\/div>\n\t\t\t\t<\/div>\n\t\t\t\t\t<\/div>\n\t\t<\/div>\n\t\t\t\t<div class=\"elementor-column elementor-col-50 elementor-top-column elementor-element elementor-element-2147ee2\" data-id=\"2147ee2\" data-element_type=\"column\" data-e-type=\"column\">\n\t\t\t<div class=\"elementor-widget-wrap elementor-element-populated\">\n\t\t\t\t\t\t<div class=\"elementor-element elementor-element-7dcc96e elementor-widget elementor-widget-heading\" data-id=\"7dcc96e\" data-element_type=\"widget\" data-e-type=\"widget\" data-widget_type=\"heading.default\">\n\t\t\t\t<div class=\"elementor-widget-container\">\n\t\t\t\t\t<h2 class=\"elementor-heading-title elementor-size-default\">\u00bfEn qu\u00e9 consiste?<\/h2>\t\t\t\t<\/div>\n\t\t\t\t<\/div>\n\t\t\t\t<section class=\"elementor-section elementor-inner-section elementor-element elementor-element-4407843 elementor-section-boxed elementor-section-height-default elementor-section-height-default\" data-id=\"4407843\" data-element_type=\"section\" data-e-type=\"section\">\n\t\t\t\t\t\t<div class=\"elementor-container elementor-column-gap-default\">\n\t\t\t\t\t<div class=\"elementor-column elementor-col-100 elementor-inner-column elementor-element elementor-element-4e7024e\" data-id=\"4e7024e\" data-element_type=\"column\" data-e-type=\"column\">\n\t\t\t<div class=\"elementor-widget-wrap\">\n\t\t\t\t\t\t\t<\/div>\n\t\t<\/div>\n\t\t\t\t\t<\/div>\n\t\t<\/section>\n\t\t\t\t<div class=\"elementor-element elementor-element-4ad9648 elementor-icon-list--layout-traditional elementor-list-item-link-full_width elementor-widget elementor-widget-icon-list\" data-id=\"4ad9648\" data-element_type=\"widget\" data-e-type=\"widget\" data-widget_type=\"icon-list.default\">\n\t\t\t\t<div class=\"elementor-widget-container\">\n\t\t\t\t\t\t\t<ul class=\"elementor-icon-list-items\">\n\t\t\t\t\t\t\t<li class=\"elementor-icon-list-item\">\n\t\t\t\t\t\t\t\t\t\t\t<span class=\"elementor-icon-list-icon\">\n\t\t\t\t\t\t\t<i aria-hidden=\"true\" class=\"fas fa-charging-station\"><\/i>\t\t\t\t\t\t<\/span>\n\t\t\t\t\t\t\t\t\t\t<span class=\"elementor-icon-list-text\">El enfoque de esta modalidad est\u00e1 determinado por una metodolog\u00eda que apunta hacia <u><i>El Aprendizaje Basado en Proyectos ABP.<\/i><\/u><br><u><i>\n<\/i><\/u>\nEntendiendo que la instituci\u00f3n educativa promueve grupos focalizados en diferentes \u00e1reas y el estudiante motivado por la curiosidad y el deseo de desarrollar habilidades enfocadas a los temas relacionados para nuestro caso, las tecnolog\u00edas con aplicaci\u00f3n en rob\u00f3tica, proponemos desarrollar ciclos de trabajo mediante los cuales los estudiantes responden a desaf\u00edos o retos que requieren localizar y procesar informaci\u00f3n, crear alg\u00fan tipo de producto y difundir los resultados que dan respuesta a ese desaf\u00edo.<br>\n\nDurante el desarrollo del proceso se revisan cada una de las fases de participaci\u00f3n en un proyecto de aprendizaje desde la perspectiva del docente y de los estudiantes para facilitar tanto el dise\u00f1o y como la ejecuci\u00f3n del mismo. <\/span>\n\t\t\t\t\t\t\t\t\t<\/li>\n\t\t\t\t\t\t<\/ul>\n\t\t\t\t\t\t<\/div>\n\t\t\t\t<\/div>\n\t\t\t\t\t<\/div>\n\t\t<\/div>\n\t\t\t\t\t<\/div>\n\t\t<\/section>\n\t\t\t\t<section class=\"elementor-section elementor-top-section elementor-element elementor-element-dc02f12 elementor-section-boxed elementor-section-height-default elementor-section-height-default\" data-id=\"dc02f12\" data-element_type=\"section\" data-e-type=\"section\">\n\t\t\t\t\t\t<div class=\"elementor-container elementor-column-gap-default\">\n\t\t\t\t\t<div class=\"elementor-column elementor-col-50 elementor-top-column elementor-element elementor-element-0c2f487\" data-id=\"0c2f487\" data-element_type=\"column\" data-e-type=\"column\">\n\t\t\t<div class=\"elementor-widget-wrap elementor-element-populated\">\n\t\t\t\t\t\t<div class=\"elementor-element elementor-element-6974fd7 elementor-widget elementor-widget-image\" data-id=\"6974fd7\" data-element_type=\"widget\" data-e-type=\"widget\" data-widget_type=\"image.default\">\n\t\t\t\t<div class=\"elementor-widget-container\">\n\t\t\t\t\t\t\t\t\t\t\t\t\t\t\t<img decoding=\"async\" width=\"1024\" height=\"1024\" src=\"https:\/\/uatic.com.co\/wp-content\/uploads\/2021\/12\/pic-ua-3-1024x1024.jpg\" class=\"attachment-large size-large wp-image-2444\" alt=\"\" srcset=\"https:\/\/uatic.com.co\/wp-content\/uploads\/2021\/12\/pic-ua-3-1024x1024.jpg 1024w, https:\/\/uatic.com.co\/wp-content\/uploads\/2021\/12\/pic-ua-3-300x300.jpg 300w, https:\/\/uatic.com.co\/wp-content\/uploads\/2021\/12\/pic-ua-3-150x150.jpg 150w, https:\/\/uatic.com.co\/wp-content\/uploads\/2021\/12\/pic-ua-3-768x768.jpg 768w, https:\/\/uatic.com.co\/wp-content\/uploads\/2021\/12\/pic-ua-3-1320x1320.jpg 1320w, https:\/\/uatic.com.co\/wp-content\/uploads\/2021\/12\/pic-ua-3-600x600.jpg 600w, https:\/\/uatic.com.co\/wp-content\/uploads\/2021\/12\/pic-ua-3-100x100.jpg 100w, https:\/\/uatic.com.co\/wp-content\/uploads\/2021\/12\/pic-ua-3.jpg 1500w\" sizes=\"(max-width: 1024px) 100vw, 1024px\" \/>\t\t\t\t\t\t\t\t\t\t\t\t\t\t\t<\/div>\n\t\t\t\t<\/div>\n\t\t\t\t\t<\/div>\n\t\t<\/div>\n\t\t\t\t<div class=\"elementor-column elementor-col-50 elementor-top-column elementor-element elementor-element-231e70a\" data-id=\"231e70a\" data-element_type=\"column\" data-e-type=\"column\">\n\t\t\t<div class=\"elementor-widget-wrap elementor-element-populated\">\n\t\t\t\t\t\t<div class=\"elementor-element elementor-element-7654065 elementor-widget elementor-widget-heading\" data-id=\"7654065\" data-element_type=\"widget\" data-e-type=\"widget\" data-widget_type=\"heading.default\">\n\t\t\t\t<div class=\"elementor-widget-container\">\n\t\t\t\t\t<h2 class=\"elementor-heading-title elementor-size-default\">Consideraciones pedag\u00f3gicas<\/h2>\t\t\t\t<\/div>\n\t\t\t\t<\/div>\n\t\t\t\t<section class=\"elementor-section elementor-inner-section elementor-element elementor-element-72cc304 elementor-section-boxed elementor-section-height-default elementor-section-height-default\" data-id=\"72cc304\" data-element_type=\"section\" data-e-type=\"section\">\n\t\t\t\t\t\t<div class=\"elementor-container elementor-column-gap-default\">\n\t\t\t\t\t<div class=\"elementor-column elementor-col-100 elementor-inner-column elementor-element elementor-element-bd15dd7\" data-id=\"bd15dd7\" data-element_type=\"column\" data-e-type=\"column\">\n\t\t\t<div class=\"elementor-widget-wrap\">\n\t\t\t\t\t\t\t<\/div>\n\t\t<\/div>\n\t\t\t\t\t<\/div>\n\t\t<\/section>\n\t\t\t\t<div class=\"elementor-element elementor-element-0f270b8 elementor-icon-list--layout-traditional elementor-list-item-link-full_width elementor-widget elementor-widget-icon-list\" data-id=\"0f270b8\" data-element_type=\"widget\" data-e-type=\"widget\" data-widget_type=\"icon-list.default\">\n\t\t\t\t<div class=\"elementor-widget-container\">\n\t\t\t\t\t\t\t<ul class=\"elementor-icon-list-items\">\n\t\t\t\t\t\t\t<li class=\"elementor-icon-list-item\">\n\t\t\t\t\t\t\t\t\t\t\t<span class=\"elementor-icon-list-icon\">\n\t\t\t\t\t\t\t<i aria-hidden=\"true\" class=\"fas fa-cogs\"><\/i>\t\t\t\t\t\t<\/span>\n\t\t\t\t\t\t\t\t\t\t<span class=\"elementor-icon-list-text\">El programa de l\u00fadicas tiene un enfoque m\u00e1s allegado al modelo STEAM tradicional, responde a una metodolog\u00eda m\u00e1s orientada a desarrollar las competencias claves a trav\u00e9s de un flujo de trabajo probado en una gran diversidad de contextos y condiciones a nivel de experiecnias en diferentes pa\u00edses.<\/span>\n\t\t\t\t\t\t\t\t\t<\/li>\n\t\t\t\t\t\t<\/ul>\n\t\t\t\t\t\t<\/div>\n\t\t\t\t<\/div>\n\t\t\t\t<div class=\"elementor-element elementor-element-e0c9684 elementor-widget elementor-widget-image\" data-id=\"e0c9684\" data-element_type=\"widget\" data-e-type=\"widget\" data-widget_type=\"image.default\">\n\t\t\t\t<div class=\"elementor-widget-container\">\n\t\t\t\t\t\t\t\t\t\t\t\t\t\t\t<img decoding=\"async\" width=\"960\" height=\"540\" src=\"https:\/\/uatic.com.co\/wp-content\/uploads\/2025\/10\/Modelo-ABP-personalizado.png\" class=\"attachment-large size-large wp-image-2841\" alt=\"\" srcset=\"https:\/\/uatic.com.co\/wp-content\/uploads\/2025\/10\/Modelo-ABP-personalizado.png 960w, https:\/\/uatic.com.co\/wp-content\/uploads\/2025\/10\/Modelo-ABP-personalizado-300x169.png 300w, https:\/\/uatic.com.co\/wp-content\/uploads\/2025\/10\/Modelo-ABP-personalizado-768x432.png 768w\" sizes=\"(max-width: 960px) 100vw, 960px\" \/>\t\t\t\t\t\t\t\t\t\t\t\t\t\t\t<\/div>\n\t\t\t\t<\/div>\n\t\t\t\t\t<\/div>\n\t\t<\/div>\n\t\t\t\t\t<\/div>\n\t\t<\/section>\n\t\t\t\t<\/div>\n\t\t","protected":false},"excerpt":{"rendered":"<p>Programa de formaci\u00f3n en mecatr\u00f3nica CTIAM &#8211; Modalidad l\u00fadicas escolares \u00bfEn qu\u00e9 consiste? El enfoque de esta modalidad est\u00e1 determinado por una metodolog\u00eda que apunta hacia El Aprendizaje Basado en Proyectos ABP. Entendiendo que la instituci\u00f3n educativa promueve grupos focalizados en diferentes \u00e1reas y el estudiante motivado por la curiosidad y el deseo de desarrollar [&hellip;]<\/p>\n","protected":false},"author":1,"featured_media":0,"parent":0,"menu_order":0,"comment_status":"closed","ping_status":"closed","template":"","meta":{"site-sidebar-layout":"no-sidebar","site-content-layout":"page-builder","ast-site-content-layout":"full-width-container","site-content-style":"default","site-sidebar-style":"default","ast-global-header-display":"","ast-banner-title-visibility":"","ast-main-header-display":"","ast-hfb-above-header-display":"","ast-hfb-below-header-display":"","ast-hfb-mobile-header-display":"","site-post-title":"","ast-breadcrumbs-content":"","ast-featured-img":"disabled","footer-sml-layout":"","ast-disable-related-posts":"","theme-transparent-header-meta":"","adv-header-id-meta":"","stick-header-meta":"","header-above-stick-meta":"","header-main-stick-meta":"","header-below-stick-meta":"","astra-migrate-meta-layouts":"set","ast-page-background-enabled":"default","ast-page-background-meta":{"desktop":{"background-color":"","background-image":"","background-repeat":"repeat","background-position":"center center","background-size":"auto","background-attachment":"scroll","background-type":"","background-media":"","overlay-type":"","overlay-color":"","overlay-opacity":"","overlay-gradient":""},"tablet":{"background-color":"","background-image":"","background-repeat":"repeat","background-position":"center center","background-size":"auto","background-attachment":"scroll","background-type":"","background-media":"","overlay-type":"","overlay-color":"","overlay-opacity":"","overlay-gradient":""},"mobile":{"background-color":"","background-image":"","background-repeat":"repeat","background-position":"center center","background-size":"auto","background-attachment":"scroll","background-type":"","background-media":"","overlay-type":"","overlay-color":"","overlay-opacity":"","overlay-gradient":""}},"ast-content-background-meta":{"desktop":{"background-color":"var(--ast-global-color-5)","background-image":"","background-repeat":"repeat","background-position":"center center","background-size":"auto","background-attachment":"scroll","background-type":"","background-media":"","overlay-type":"","overlay-color":"","overlay-opacity":"","overlay-gradient":""},"tablet":{"background-color":"var(--ast-global-color-5)","background-image":"","background-repeat":"repeat","background-position":"center center","background-size":"auto","background-attachment":"scroll","background-type":"","background-media":"","overlay-type":"","overlay-color":"","overlay-opacity":"","overlay-gradient":""},"mobile":{"background-color":"var(--ast-global-color-5)","background-image":"","background-repeat":"repeat","background-position":"center center","background-size":"auto","background-attachment":"scroll","background-type":"","background-media":"","overlay-type":"","overlay-color":"","overlay-opacity":"","overlay-gradient":""}},"footnotes":""},"class_list":["post-2835","page","type-page","status-publish","hentry"],"aioseo_notices":[],"jetpack_sharing_enabled":true,"_links":{"self":[{"href":"https:\/\/uatic.com.co\/index.php\/wp-json\/wp\/v2\/pages\/2835","targetHints":{"allow":["GET"]}}],"collection":[{"href":"https:\/\/uatic.com.co\/index.php\/wp-json\/wp\/v2\/pages"}],"about":[{"href":"https:\/\/uatic.com.co\/index.php\/wp-json\/wp\/v2\/types\/page"}],"author":[{"embeddable":true,"href":"https:\/\/uatic.com.co\/index.php\/wp-json\/wp\/v2\/users\/1"}],"replies":[{"embeddable":true,"href":"https:\/\/uatic.com.co\/index.php\/wp-json\/wp\/v2\/comments?post=2835"}],"version-history":[{"count":7,"href":"https:\/\/uatic.com.co\/index.php\/wp-json\/wp\/v2\/pages\/2835\/revisions"}],"predecessor-version":[{"id":2844,"href":"https:\/\/uatic.com.co\/index.php\/wp-json\/wp\/v2\/pages\/2835\/revisions\/2844"}],"wp:attachment":[{"href":"https:\/\/uatic.com.co\/index.php\/wp-json\/wp\/v2\/media?parent=2835"}],"curies":[{"name":"wp","href":"https:\/\/api.w.org\/{rel}","templated":true}]}}