{"id":2701,"date":"2025-01-29T22:34:49","date_gmt":"2025-01-29T22:34:49","guid":{"rendered":"https:\/\/uatic.com.co\/?page_id=2701"},"modified":"2025-01-30T00:58:43","modified_gmt":"2025-01-30T00:58:43","slug":"proceso-de-inscripcion-steam-colegio-bethel","status":"publish","type":"page","link":"https:\/\/uatic.com.co\/index.php\/proceso-de-inscripcion-steam-colegio-bethel\/","title":{"rendered":"PROCESO DE INSCRIPCI\u00d3N STEAM COLEGIO BETHEL"},"content":{"rendered":"\t\t<div data-elementor-type=\"wp-page\" data-elementor-id=\"2701\" class=\"elementor elementor-2701\">\n\t\t\t\t\t\t<section class=\"elementor-section elementor-top-section elementor-element elementor-element-bc154bd elementor-section-boxed elementor-section-height-default elementor-section-height-default\" data-id=\"bc154bd\" data-element_type=\"section\" data-e-type=\"section\">\n\t\t\t\t\t\t<div class=\"elementor-container elementor-column-gap-default\">\n\t\t\t\t\t<div class=\"elementor-column elementor-col-100 elementor-top-column elementor-element elementor-element-fc64448\" data-id=\"fc64448\" data-element_type=\"column\" data-e-type=\"column\">\n\t\t\t<div class=\"elementor-widget-wrap elementor-element-populated\">\n\t\t\t\t\t\t<div class=\"elementor-element elementor-element-99742aa elementor-widget elementor-widget-heading\" data-id=\"99742aa\" data-element_type=\"widget\" data-e-type=\"widget\" data-widget_type=\"heading.default\">\n\t\t\t\t<div class=\"elementor-widget-container\">\n\t\t\t\t\t<h2 class=\"elementor-heading-title elementor-size-default\"><span style=\"font-size: 2.375rem\">PROCESO STEAM- INFORMACI\u00d3N E<\/span> INSCRIPCI\u00d3N<\/h2>\t\t\t\t<\/div>\n\t\t\t\t<\/div>\n\t\t\t\t\t<\/div>\n\t\t<\/div>\n\t\t\t\t\t<\/div>\n\t\t<\/section>\n\t\t\t\t<section class=\"elementor-section elementor-top-section elementor-element elementor-element-59312b2 elementor-section-boxed elementor-section-height-default elementor-section-height-default\" data-id=\"59312b2\" data-element_type=\"section\" data-e-type=\"section\">\n\t\t\t\t\t\t<div class=\"elementor-container elementor-column-gap-default\">\n\t\t\t\t\t<div class=\"elementor-column elementor-col-100 elementor-top-column elementor-element elementor-element-b1c6ffe\" data-id=\"b1c6ffe\" data-element_type=\"column\" data-e-type=\"column\">\n\t\t\t<div class=\"elementor-widget-wrap elementor-element-populated\">\n\t\t\t\t\t\t<div class=\"elementor-element elementor-element-654e142 elementor-widget elementor-widget-text-editor\" data-id=\"654e142\" data-element_type=\"widget\" data-e-type=\"widget\" data-widget_type=\"text-editor.default\">\n\t\t\t\t<div class=\"elementor-widget-container\">\n\t\t\t\t\t\t\t\t\t<h5 style=\"text-align: center;\">Bienvenidos padres de familia y gran comunidad del colegio INSTITUTO ACAD\u00c9MICO BETHEL.<\/h5><div><p>De antemamo agradecerles su voto de confianza en la<b> Fundaci\u00f3n Uatic<\/b> para la implementaci\u00f3n del programa de formaci\u00f3n en el desarrollo de habilidades y competencias en <b>Ciencia, Tecnolog\u00eda, Ingenier\u00eda, Artes y Matem\u00e1ticas<\/b> o m\u00e1s conocido por sus siglas en ingl\u00e9s <b>STEAM<\/b>, ajustado a las realidades de nuestros entornos a trav\u00e9s de los saberes de la Mecatr\u00f3nica.<\/p><\/div><p>Para iniciar el proceso de inscripci\u00f3n <b>STEAM<\/b>, debe dar <b>click en el bot\u00f3n <\/b>o en su defecto<b> leer el c\u00f3digo QR <\/b>correspondiente seg\u00fan el grado que va a cursar el estudiante. En el formulario de inscripci\u00f3n encontrar\u00e1 la informaci\u00f3n pertinente a los<b> kits de laboratorio<\/b> y as\u00ed mismo el diligenciamiento de los datos nos permite crear los usuarios y contrase\u00f1as para el uso de la plataforma por parte de los estudiantes.<\/p>\t\t\t\t\t\t\t\t<\/div>\n\t\t\t\t<\/div>\n\t\t\t\t\t<\/div>\n\t\t<\/div>\n\t\t\t\t\t<\/div>\n\t\t<\/section>\n\t\t\t\t<section class=\"elementor-section elementor-top-section elementor-element elementor-element-9478847 elementor-section-boxed elementor-section-height-default elementor-section-height-default\" data-id=\"9478847\" data-element_type=\"section\" data-e-type=\"section\">\n\t\t\t\t\t\t<div class=\"elementor-container elementor-column-gap-default\">\n\t\t\t\t\t<div class=\"elementor-column elementor-col-25 elementor-top-column elementor-element elementor-element-34dd967\" data-id=\"34dd967\" data-element_type=\"column\" data-e-type=\"column\">\n\t\t\t<div class=\"elementor-widget-wrap elementor-element-populated\">\n\t\t\t\t\t\t<div class=\"elementor-element elementor-element-304b373 elementor-widget elementor-widget-button\" data-id=\"304b373\" data-element_type=\"widget\" data-e-type=\"widget\" data-widget_type=\"button.default\">\n\t\t\t\t<div class=\"elementor-widget-container\">\n\t\t\t\t\t\t\t\t\t<div class=\"elementor-button-wrapper\">\n\t\t\t\t\t<a class=\"elementor-button elementor-button-link elementor-size-sm\" href=\"https:\/\/forms.gle\/wGBoM5AYcMMFtxWPA\">\n\t\t\t\t\t\t<span class=\"elementor-button-content-wrapper\">\n\t\t\t\t\t\t\t\t\t<span class=\"elementor-button-text\">INFORMACI\u00d3N E INSCRIPCI\u00d3N PARA K12 Y PRIMARIA. <br>GRADOS K12 A 5<br><\/span>\n\t\t\t\t\t<\/span>\n\t\t\t\t\t<\/a>\n\t\t\t\t<\/div>\n\t\t\t\t\t\t\t\t<\/div>\n\t\t\t\t<\/div>\n\t\t\t\t\t<\/div>\n\t\t<\/div>\n\t\t\t\t<div class=\"elementor-column elementor-col-25 elementor-top-column elementor-element elementor-element-5976342\" data-id=\"5976342\" data-element_type=\"column\" data-e-type=\"column\">\n\t\t\t<div class=\"elementor-widget-wrap elementor-element-populated\">\n\t\t\t\t\t\t<div class=\"elementor-element elementor-element-77f2f10 elementor-widget elementor-widget-button\" data-id=\"77f2f10\" data-element_type=\"widget\" data-e-type=\"widget\" data-widget_type=\"button.default\">\n\t\t\t\t<div class=\"elementor-widget-container\">\n\t\t\t\t\t\t\t\t\t<div class=\"elementor-button-wrapper\">\n\t\t\t\t\t<a class=\"elementor-button elementor-button-link elementor-size-sm\" href=\"https:\/\/forms.gle\/UHUh11UYijMPttL48\">\n\t\t\t\t\t\t<span class=\"elementor-button-content-wrapper\">\n\t\t\t\t\t\t\t\t\t<span class=\"elementor-button-text\">INFORMACI\u00d3N E INSCRIPCI\u00d3N PARA SECUNDARIA.<br>GRADOS 6 A 11<br><\/span>\n\t\t\t\t\t<\/span>\n\t\t\t\t\t<\/a>\n\t\t\t\t<\/div>\n\t\t\t\t\t\t\t\t<\/div>\n\t\t\t\t<\/div>\n\t\t\t\t\t<\/div>\n\t\t<\/div>\n\t\t\t\t<div class=\"elementor-column elementor-col-25 elementor-top-column elementor-element elementor-element-f1ade3b\" data-id=\"f1ade3b\" data-element_type=\"column\" data-e-type=\"column\" data-settings=\"{&quot;background_background&quot;:&quot;gradient&quot;}\">\n\t\t\t<div class=\"elementor-widget-wrap elementor-element-populated\">\n\t\t\t\t\t\t<div class=\"elementor-element elementor-element-3226a7e elementor-widget elementor-widget-button\" data-id=\"3226a7e\" data-element_type=\"widget\" data-e-type=\"widget\" data-widget_type=\"button.default\">\n\t\t\t\t<div class=\"elementor-widget-container\">\n\t\t\t\t\t\t\t\t\t<div class=\"elementor-button-wrapper\">\n\t\t\t\t\t<a class=\"elementor-button elementor-button-link elementor-size-sm\" href=\"https:\/\/api.whatsapp.com\/message\/BV25THHP4BWZD1?src=qr\">\n\t\t\t\t\t\t<span class=\"elementor-button-content-wrapper\">\n\t\t\t\t\t\t\t\t\t<span class=\"elementor-button-text\">COMUNICACI\u00d3N DIRECTA A TRAV\u00c9Z DE WHATSAPP<br><br>.<br>3026245331<\/span>\n\t\t\t\t\t<\/span>\n\t\t\t\t\t<\/a>\n\t\t\t\t<\/div>\n\t\t\t\t\t\t\t\t<\/div>\n\t\t\t\t<\/div>\n\t\t\t\t\t<\/div>\n\t\t<\/div>\n\t\t\t\t<div class=\"elementor-column elementor-col-25 elementor-top-column elementor-element elementor-element-9914e30\" data-id=\"9914e30\" data-element_type=\"column\" data-e-type=\"column\">\n\t\t\t<div class=\"elementor-widget-wrap elementor-element-populated\">\n\t\t\t\t\t\t<div class=\"elementor-element elementor-element-f914f78 elementor-widget elementor-widget-button\" data-id=\"f914f78\" data-element_type=\"widget\" data-e-type=\"widget\" data-widget_type=\"button.default\">\n\t\t\t\t<div class=\"elementor-widget-container\">\n\t\t\t\t\t\t\t\t\t<div class=\"elementor-button-wrapper\">\n\t\t\t\t\t<a class=\"elementor-button elementor-button-link elementor-size-sm\" href=\"https:\/\/uatic.com.co\">\n\t\t\t\t\t\t<span class=\"elementor-button-content-wrapper\">\n\t\t\t\t\t\t\t\t\t<span class=\"elementor-button-text\">CONOCER M\u00c1S SOBRE LA FUNDACI\u00d3N UATIC Y EL MODELO DE ENSE\u00d1ANZA PARA EL DESARROLLO DE HABILIDADES STEAM<\/span>\n\t\t\t\t\t<\/span>\n\t\t\t\t\t<\/a>\n\t\t\t\t<\/div>\n\t\t\t\t\t\t\t\t<\/div>\n\t\t\t\t<\/div>\n\t\t\t\t\t<\/div>\n\t\t<\/div>\n\t\t\t\t\t<\/div>\n\t\t<\/section>\n\t\t\t\t<section class=\"elementor-section elementor-top-section elementor-element elementor-element-7122e15 elementor-section-boxed elementor-section-height-default elementor-section-height-default\" data-id=\"7122e15\" data-element_type=\"section\" data-e-type=\"section\">\n\t\t\t\t\t\t<div class=\"elementor-container elementor-column-gap-default\">\n\t\t\t\t\t<div class=\"elementor-column elementor-col-25 elementor-top-column elementor-element elementor-element-e2b631c\" data-id=\"e2b631c\" data-element_type=\"column\" data-e-type=\"column\">\n\t\t\t<div class=\"elementor-widget-wrap elementor-element-populated\">\n\t\t\t\t\t\t<div class=\"elementor-element elementor-element-b62c2c9 elementor-widget elementor-widget-image\" data-id=\"b62c2c9\" data-element_type=\"widget\" data-e-type=\"widget\" data-widget_type=\"image.default\">\n\t\t\t\t<div class=\"elementor-widget-container\">\n\t\t\t\t\t\t\t\t\t\t\t\t\t\t\t<img fetchpriority=\"high\" decoding=\"async\" width=\"500\" height=\"500\" src=\"https:\/\/uatic.com.co\/wp-content\/uploads\/2025\/01\/QR-Link-para-K12-Primaria.png\" class=\"attachment-large size-large wp-image-2702\" alt=\"\" srcset=\"https:\/\/uatic.com.co\/wp-content\/uploads\/2025\/01\/QR-Link-para-K12-Primaria.png 500w, https:\/\/uatic.com.co\/wp-content\/uploads\/2025\/01\/QR-Link-para-K12-Primaria-300x300.png 300w, https:\/\/uatic.com.co\/wp-content\/uploads\/2025\/01\/QR-Link-para-K12-Primaria-150x150.png 150w\" sizes=\"(max-width: 500px) 100vw, 500px\" \/>\t\t\t\t\t\t\t\t\t\t\t\t\t\t\t<\/div>\n\t\t\t\t<\/div>\n\t\t\t\t\t<\/div>\n\t\t<\/div>\n\t\t\t\t<div class=\"elementor-column elementor-col-25 elementor-top-column elementor-element elementor-element-46e4d0a\" data-id=\"46e4d0a\" data-element_type=\"column\" data-e-type=\"column\">\n\t\t\t<div class=\"elementor-widget-wrap elementor-element-populated\">\n\t\t\t\t\t\t<div class=\"elementor-element elementor-element-531cff5 elementor-widget elementor-widget-image\" data-id=\"531cff5\" data-element_type=\"widget\" data-e-type=\"widget\" data-widget_type=\"image.default\">\n\t\t\t\t<div class=\"elementor-widget-container\">\n\t\t\t\t\t\t\t\t\t\t\t\t\t\t\t<img decoding=\"async\" width=\"500\" height=\"500\" src=\"https:\/\/uatic.com.co\/wp-content\/uploads\/2025\/01\/QR-Link-para-Bachillerato.png\" class=\"attachment-large size-large wp-image-2703\" alt=\"\" srcset=\"https:\/\/uatic.com.co\/wp-content\/uploads\/2025\/01\/QR-Link-para-Bachillerato.png 500w, https:\/\/uatic.com.co\/wp-content\/uploads\/2025\/01\/QR-Link-para-Bachillerato-300x300.png 300w, https:\/\/uatic.com.co\/wp-content\/uploads\/2025\/01\/QR-Link-para-Bachillerato-150x150.png 150w\" sizes=\"(max-width: 500px) 100vw, 500px\" \/>\t\t\t\t\t\t\t\t\t\t\t\t\t\t\t<\/div>\n\t\t\t\t<\/div>\n\t\t\t\t\t<\/div>\n\t\t<\/div>\n\t\t\t\t<div class=\"elementor-column elementor-col-25 elementor-top-column elementor-element elementor-element-2dbd611\" data-id=\"2dbd611\" data-element_type=\"column\" data-e-type=\"column\">\n\t\t\t<div class=\"elementor-widget-wrap elementor-element-populated\">\n\t\t\t\t\t\t<div class=\"elementor-element elementor-element-937b48d elementor-widget elementor-widget-image\" data-id=\"937b48d\" data-element_type=\"widget\" data-e-type=\"widget\" data-widget_type=\"image.default\">\n\t\t\t\t<div class=\"elementor-widget-container\">\n\t\t\t\t\t\t\t\t\t\t\t\t\t\t\t<img decoding=\"async\" width=\"1024\" height=\"1024\" src=\"https:\/\/uatic.com.co\/wp-content\/uploads\/2025\/01\/Qr-Whatsapp-1024x1024.png\" class=\"attachment-large size-large wp-image-2715\" alt=\"\" srcset=\"https:\/\/uatic.com.co\/wp-content\/uploads\/2025\/01\/Qr-Whatsapp-1024x1024.png 1024w, https:\/\/uatic.com.co\/wp-content\/uploads\/2025\/01\/Qr-Whatsapp-300x300.png 300w, https:\/\/uatic.com.co\/wp-content\/uploads\/2025\/01\/Qr-Whatsapp-150x150.png 150w, https:\/\/uatic.com.co\/wp-content\/uploads\/2025\/01\/Qr-Whatsapp-768x768.png 768w, https:\/\/uatic.com.co\/wp-content\/uploads\/2025\/01\/Qr-Whatsapp.png 1080w\" sizes=\"(max-width: 1024px) 100vw, 1024px\" \/>\t\t\t\t\t\t\t\t\t\t\t\t\t\t\t<\/div>\n\t\t\t\t<\/div>\n\t\t\t\t\t<\/div>\n\t\t<\/div>\n\t\t\t\t<div class=\"elementor-column elementor-col-25 elementor-top-column elementor-element elementor-element-a26b9f6\" data-id=\"a26b9f6\" data-element_type=\"column\" data-e-type=\"column\">\n\t\t\t<div class=\"elementor-widget-wrap elementor-element-populated\">\n\t\t\t\t\t\t<div class=\"elementor-element elementor-element-42a8c95 elementor-widget elementor-widget-image\" data-id=\"42a8c95\" data-element_type=\"widget\" data-e-type=\"widget\" data-widget_type=\"image.default\">\n\t\t\t\t<div class=\"elementor-widget-container\">\n\t\t\t\t\t\t\t\t\t\t\t\t\t\t\t<img loading=\"lazy\" decoding=\"async\" width=\"500\" height=\"500\" src=\"https:\/\/uatic.com.co\/wp-content\/uploads\/2025\/01\/QR-UaticPages.png\" class=\"attachment-large size-large wp-image-2714\" alt=\"\" srcset=\"https:\/\/uatic.com.co\/wp-content\/uploads\/2025\/01\/QR-UaticPages.png 500w, https:\/\/uatic.com.co\/wp-content\/uploads\/2025\/01\/QR-UaticPages-300x300.png 300w, https:\/\/uatic.com.co\/wp-content\/uploads\/2025\/01\/QR-UaticPages-150x150.png 150w\" sizes=\"(max-width: 500px) 100vw, 500px\" \/>\t\t\t\t\t\t\t\t\t\t\t\t\t\t\t<\/div>\n\t\t\t\t<\/div>\n\t\t\t\t\t<\/div>\n\t\t<\/div>\n\t\t\t\t\t<\/div>\n\t\t<\/section>\n\t\t\t\t<\/div>\n\t\t","protected":false},"excerpt":{"rendered":"<p>PROCESO STEAM- INFORMACI\u00d3N E INSCRIPCI\u00d3N Bienvenidos padres de familia y gran comunidad del colegio INSTITUTO ACAD\u00c9MICO BETHEL. De antemamo agradecerles su voto de confianza en la Fundaci\u00f3n Uatic para la implementaci\u00f3n del programa de formaci\u00f3n en el desarrollo de habilidades y competencias en Ciencia, Tecnolog\u00eda, Ingenier\u00eda, Artes y Matem\u00e1ticas o m\u00e1s conocido por sus siglas [&hellip;]<\/p>\n","protected":false},"author":1,"featured_media":0,"parent":0,"menu_order":0,"comment_status":"closed","ping_status":"closed","template":"","meta":{"site-sidebar-layout":"no-sidebar","site-content-layout":"page-builder","ast-site-content-layout":"full-width-container","site-content-style":"default","site-sidebar-style":"default","ast-global-header-display":"","ast-banner-title-visibility":"","ast-main-header-display":"","ast-hfb-above-header-display":"","ast-hfb-below-header-display":"","ast-hfb-mobile-header-display":"","site-post-title":"disabled","ast-breadcrumbs-content":"","ast-featured-img":"disabled","footer-sml-layout":"","ast-disable-related-posts":"","theme-transparent-header-meta":"","adv-header-id-meta":"","stick-header-meta":"","header-above-stick-meta":"","header-main-stick-meta":"","header-below-stick-meta":"","astra-migrate-meta-layouts":"default","ast-page-background-enabled":"default","ast-page-background-meta":{"desktop":{"background-color":"","background-image":"","background-repeat":"repeat","background-position":"center center","background-size":"auto","background-attachment":"scroll","background-type":"","background-media":"","overlay-type":"","overlay-color":"","overlay-opacity":"","overlay-gradient":""},"tablet":{"background-color":"","background-image":"","background-repeat":"repeat","background-position":"center center","background-size":"auto","background-attachment":"scroll","background-type":"","background-media":"","overlay-type":"","overlay-color":"","overlay-opacity":"","overlay-gradient":""},"mobile":{"background-color":"","background-image":"","background-repeat":"repeat","background-position":"center center","background-size":"auto","background-attachment":"scroll","background-type":"","background-media":"","overlay-type":"","overlay-color":"","overlay-opacity":"","overlay-gradient":""}},"ast-content-background-meta":{"desktop":{"background-color":"var(--ast-global-color-5)","background-image":"","background-repeat":"repeat","background-position":"center center","background-size":"auto","background-attachment":"scroll","background-type":"","background-media":"","overlay-type":"","overlay-color":"","overlay-opacity":"","overlay-gradient":""},"tablet":{"background-color":"var(--ast-global-color-5)","background-image":"","background-repeat":"repeat","background-position":"center center","background-size":"auto","background-attachment":"scroll","background-type":"","background-media":"","overlay-type":"","overlay-color":"","overlay-opacity":"","overlay-gradient":""},"mobile":{"background-color":"var(--ast-global-color-5)","background-image":"","background-repeat":"repeat","background-position":"center center","background-size":"auto","background-attachment":"scroll","background-type":"","background-media":"","overlay-type":"","overlay-color":"","overlay-opacity":"","overlay-gradient":""}},"footnotes":""},"class_list":["post-2701","page","type-page","status-publish","hentry"],"aioseo_notices":[],"jetpack_sharing_enabled":true,"_links":{"self":[{"href":"https:\/\/uatic.com.co\/index.php\/wp-json\/wp\/v2\/pages\/2701","targetHints":{"allow":["GET"]}}],"collection":[{"href":"https:\/\/uatic.com.co\/index.php\/wp-json\/wp\/v2\/pages"}],"about":[{"href":"https:\/\/uatic.com.co\/index.php\/wp-json\/wp\/v2\/types\/page"}],"author":[{"embeddable":true,"href":"https:\/\/uatic.com.co\/index.php\/wp-json\/wp\/v2\/users\/1"}],"replies":[{"embeddable":true,"href":"https:\/\/uatic.com.co\/index.php\/wp-json\/wp\/v2\/comments?post=2701"}],"version-history":[{"count":21,"href":"https:\/\/uatic.com.co\/index.php\/wp-json\/wp\/v2\/pages\/2701\/revisions"}],"predecessor-version":[{"id":2728,"href":"https:\/\/uatic.com.co\/index.php\/wp-json\/wp\/v2\/pages\/2701\/revisions\/2728"}],"wp:attachment":[{"href":"https:\/\/uatic.com.co\/index.php\/wp-json\/wp\/v2\/media?parent=2701"}],"curies":[{"name":"wp","href":"https:\/\/api.w.org\/{rel}","templated":true}]}}