{"id":2575,"date":"2022-03-23T23:13:42","date_gmt":"2022-03-23T23:13:42","guid":{"rendered":"http:\/\/uatic.com.co\/?page_id=2575"},"modified":"2025-10-02T17:17:48","modified_gmt":"2025-10-02T17:17:48","slug":"nivel1","status":"publish","type":"page","link":"https:\/\/uatic.com.co\/index.php\/nivel1\/","title":{"rendered":"A\u00f1o 1"},"content":{"rendered":"\t\t<div data-elementor-type=\"wp-page\" data-elementor-id=\"2575\" class=\"elementor elementor-2575\">\n\t\t\t\t\t\t<section class=\"elementor-section elementor-top-section elementor-element elementor-element-4623bc4 elementor-section-boxed elementor-section-height-default elementor-section-height-default\" data-id=\"4623bc4\" data-element_type=\"section\" data-e-type=\"section\">\n\t\t\t\t\t\t<div class=\"elementor-container elementor-column-gap-default\">\n\t\t\t\t\t<div class=\"elementor-column elementor-col-100 elementor-top-column elementor-element elementor-element-fe3dc47\" data-id=\"fe3dc47\" data-element_type=\"column\" data-e-type=\"column\">\n\t\t\t<div class=\"elementor-widget-wrap elementor-element-populated\">\n\t\t\t\t\t\t<div class=\"elementor-element elementor-element-4d93a7e elementor-widget elementor-widget-heading\" data-id=\"4d93a7e\" data-element_type=\"widget\" data-e-type=\"widget\" data-widget_type=\"heading.default\">\n\t\t\t\t<div class=\"elementor-widget-container\">\n\t\t\t\t\t<h2 class=\"elementor-heading-title elementor-size-default\"><span style=\"font-size: 2.375rem\">El poder de los elementos. <\/span>Programa y Kit a\u00f1o 1.<\/h2>\t\t\t\t<\/div>\n\t\t\t\t<\/div>\n\t\t\t\t\t<\/div>\n\t\t<\/div>\n\t\t\t\t\t<\/div>\n\t\t<\/section>\n\t\t\t\t<section class=\"elementor-section elementor-top-section elementor-element elementor-element-19d901b elementor-section-boxed elementor-section-height-default elementor-section-height-default\" data-id=\"19d901b\" data-element_type=\"section\" data-e-type=\"section\">\n\t\t\t\t\t\t<div class=\"elementor-container elementor-column-gap-default\">\n\t\t\t\t\t<div class=\"elementor-column elementor-col-50 elementor-top-column elementor-element elementor-element-aae8d65\" data-id=\"aae8d65\" data-element_type=\"column\" data-e-type=\"column\">\n\t\t\t<div class=\"elementor-widget-wrap elementor-element-populated\">\n\t\t\t\t\t\t<div class=\"elementor-element elementor-element-f2f4329 elementor-widget elementor-widget-text-editor\" data-id=\"f2f4329\" data-element_type=\"widget\" data-e-type=\"widget\" data-widget_type=\"text-editor.default\">\n\t\t\t\t<div class=\"elementor-widget-container\">\n\t\t\t\t\t\t\t\t\t<p>El programa para a\u00f1o 1, <strong><em>EL PODER DE LOS ELEMENTOS<\/em><\/strong>, est\u00e1 especialmente dise\u00f1ado para iniciar el fascinante camino de exploraci\u00f3n de los saberes asociados a la ciencia y su interacci\u00f3n con la vida cotidiana del ser humano.<\/p><p>Aporta significativamente al proceso de aprendizaje transversal, gracias a su nutrido contenido de saberes estimula de manera pr\u00e1ctica los principios y fundamentos de los saberes relacionados con el pensamiento computacional, l\u00f3gico matem\u00e1tico y geom\u00e9trico, an\u00e1lisis de problemas, planteamiento y soluci\u00f3n de problemas cr\u00edticos, expresi\u00f3n oral, art\u00edstica y del relacionamiento social.<span style=\"font-style: inherit; font-weight: inherit;\"><br \/><\/span><\/p><p><span style=\"font-style: inherit; font-weight: inherit;\">Nuestro Kit de primer a\u00f1o est\u00e1 dise\u00f1ado para desarrollar m\u00e1s de <em><strong>30\u00a0 fascinantes y divertidos proyectos,<\/strong><\/em>\u00a0 que nos abrir\u00e1n las puertas al desarrollo de la imaginaci\u00f3n potenciando el\u00a0 poder de la innovaci\u00f3n. Se fundamenta en el uso de la tecnolog\u00eda abierta <\/span><span style=\"font-style: inherit;\"><b>ARDUINO<\/b><\/span><span style=\"font-style: inherit; font-weight: inherit;\">.<\/span><\/p><p>La ruta <b>CTIAM <\/b>nivel 1, incluye el kit de primer a\u00f1o y accesos a la plataforma WEB, en donde se encuentra todo el material multimedia que\u00a0 guiar\u00e1 paso a paso por la ruta CTIAM y permite lograr todos las metas propuestas. El Kit est\u00e1 dise\u00f1ado con un enfoque para ni\u00f1os y ni\u00f1as\u00a0 de 7 a 12 a\u00f1os.<\/p>\t\t\t\t\t\t\t\t<\/div>\n\t\t\t\t<\/div>\n\t\t\t\t\t<\/div>\n\t\t<\/div>\n\t\t\t\t<div class=\"elementor-column elementor-col-50 elementor-top-column elementor-element elementor-element-4ff3f5f\" data-id=\"4ff3f5f\" data-element_type=\"column\" data-e-type=\"column\">\n\t\t\t<div class=\"elementor-widget-wrap elementor-element-populated\">\n\t\t\t\t\t\t<div class=\"elementor-element elementor-element-3ef7d0c elementor-widget elementor-widget-image\" data-id=\"3ef7d0c\" data-element_type=\"widget\" data-e-type=\"widget\" data-widget_type=\"image.default\">\n\t\t\t\t<div class=\"elementor-widget-container\">\n\t\t\t\t\t\t\t\t\t\t\t\t\t\t\t<img fetchpriority=\"high\" decoding=\"async\" width=\"1404\" height=\"1080\" src=\"https:\/\/uatic.com.co\/wp-content\/uploads\/2025\/10\/Escena-1-Kits-ano-1b.png\" class=\"attachment-full size-full wp-image-2866\" alt=\"\" srcset=\"https:\/\/uatic.com.co\/wp-content\/uploads\/2025\/10\/Escena-1-Kits-ano-1b.png 1404w, https:\/\/uatic.com.co\/wp-content\/uploads\/2025\/10\/Escena-1-Kits-ano-1b-300x231.png 300w, https:\/\/uatic.com.co\/wp-content\/uploads\/2025\/10\/Escena-1-Kits-ano-1b-1024x788.png 1024w, https:\/\/uatic.com.co\/wp-content\/uploads\/2025\/10\/Escena-1-Kits-ano-1b-768x591.png 768w\" sizes=\"(max-width: 1404px) 100vw, 1404px\" \/>\t\t\t\t\t\t\t\t\t\t\t\t\t\t\t<\/div>\n\t\t\t\t<\/div>\n\t\t\t\t\t<\/div>\n\t\t<\/div>\n\t\t\t\t\t<\/div>\n\t\t<\/section>\n\t\t\t\t<section class=\"elementor-section elementor-top-section elementor-element elementor-element-c271487 elementor-section-boxed elementor-section-height-default elementor-section-height-default\" data-id=\"c271487\" data-element_type=\"section\" data-e-type=\"section\">\n\t\t\t\t\t\t<div class=\"elementor-container elementor-column-gap-default\">\n\t\t\t\t\t<div class=\"elementor-column elementor-col-100 elementor-top-column elementor-element elementor-element-841223a\" data-id=\"841223a\" data-element_type=\"column\" data-e-type=\"column\">\n\t\t\t<div class=\"elementor-widget-wrap\">\n\t\t\t\t\t\t\t<\/div>\n\t\t<\/div>\n\t\t\t\t\t<\/div>\n\t\t<\/section>\n\t\t\t\t<\/div>\n\t\t","protected":false},"excerpt":{"rendered":"<p>El poder de los elementos. Programa y Kit a\u00f1o 1. El programa para a\u00f1o 1, EL PODER DE LOS ELEMENTOS, est\u00e1 especialmente dise\u00f1ado para iniciar el fascinante camino de exploraci\u00f3n de los saberes asociados a la ciencia y su interacci\u00f3n con la vida cotidiana del ser humano. Aporta significativamente al proceso de aprendizaje transversal, gracias [&hellip;]<\/p>\n","protected":false},"author":1,"featured_media":0,"parent":0,"menu_order":0,"comment_status":"closed","ping_status":"closed","template":"","meta":{"site-sidebar-layout":"no-sidebar","site-content-layout":"page-builder","ast-site-content-layout":"full-width-container","site-content-style":"unboxed","site-sidebar-style":"unboxed","ast-global-header-display":"","ast-banner-title-visibility":"","ast-main-header-display":"","ast-hfb-above-header-display":"","ast-hfb-below-header-display":"","ast-hfb-mobile-header-display":"","site-post-title":"disabled","ast-breadcrumbs-content":"","ast-featured-img":"disabled","footer-sml-layout":"","ast-disable-related-posts":"","theme-transparent-header-meta":"","adv-header-id-meta":"","stick-header-meta":"","header-above-stick-meta":"","header-main-stick-meta":"","header-below-stick-meta":"","astra-migrate-meta-layouts":"set","ast-page-background-enabled":"default","ast-page-background-meta":{"desktop":{"background-color":"","background-image":"","background-repeat":"repeat","background-position":"center center","background-size":"auto","background-attachment":"scroll","background-type":"","background-media":"","overlay-type":"","overlay-color":"","overlay-opacity":"","overlay-gradient":""},"tablet":{"background-color":"","background-image":"","background-repeat":"repeat","background-position":"center center","background-size":"auto","background-attachment":"scroll","background-type":"","background-media":"","overlay-type":"","overlay-color":"","overlay-opacity":"","overlay-gradient":""},"mobile":{"background-color":"","background-image":"","background-repeat":"repeat","background-position":"center center","background-size":"auto","background-attachment":"scroll","background-type":"","background-media":"","overlay-type":"","overlay-color":"","overlay-opacity":"","overlay-gradient":""}},"ast-content-background-meta":{"desktop":{"background-color":"var(--ast-global-color-5)","background-image":"","background-repeat":"repeat","background-position":"center center","background-size":"auto","background-attachment":"scroll","background-type":"","background-media":"","overlay-type":"","overlay-color":"","overlay-opacity":"","overlay-gradient":""},"tablet":{"background-color":"var(--ast-global-color-5)","background-image":"","background-repeat":"repeat","background-position":"center center","background-size":"auto","background-attachment":"scroll","background-type":"","background-media":"","overlay-type":"","overlay-color":"","overlay-opacity":"","overlay-gradient":""},"mobile":{"background-color":"var(--ast-global-color-5)","background-image":"","background-repeat":"repeat","background-position":"center center","background-size":"auto","background-attachment":"scroll","background-type":"","background-media":"","overlay-type":"","overlay-color":"","overlay-opacity":"","overlay-gradient":""}},"footnotes":""},"class_list":["post-2575","page","type-page","status-publish","hentry"],"aioseo_notices":[],"jetpack_sharing_enabled":true,"_links":{"self":[{"href":"https:\/\/uatic.com.co\/index.php\/wp-json\/wp\/v2\/pages\/2575","targetHints":{"allow":["GET"]}}],"collection":[{"href":"https:\/\/uatic.com.co\/index.php\/wp-json\/wp\/v2\/pages"}],"about":[{"href":"https:\/\/uatic.com.co\/index.php\/wp-json\/wp\/v2\/types\/page"}],"author":[{"embeddable":true,"href":"https:\/\/uatic.com.co\/index.php\/wp-json\/wp\/v2\/users\/1"}],"replies":[{"embeddable":true,"href":"https:\/\/uatic.com.co\/index.php\/wp-json\/wp\/v2\/comments?post=2575"}],"version-history":[{"count":28,"href":"https:\/\/uatic.com.co\/index.php\/wp-json\/wp\/v2\/pages\/2575\/revisions"}],"predecessor-version":[{"id":2909,"href":"https:\/\/uatic.com.co\/index.php\/wp-json\/wp\/v2\/pages\/2575\/revisions\/2909"}],"wp:attachment":[{"href":"https:\/\/uatic.com.co\/index.php\/wp-json\/wp\/v2\/media?parent=2575"}],"curies":[{"name":"wp","href":"https:\/\/api.w.org\/{rel}","templated":true}]}}