{"id":1606,"date":"2021-08-24T20:40:41","date_gmt":"2021-08-24T20:40:41","guid":{"rendered":"http:\/\/edu.construlab.net\/?page_id=1606"},"modified":"2025-10-02T21:18:34","modified_gmt":"2025-10-02T21:18:34","slug":"habilidades","status":"publish","type":"page","link":"https:\/\/uatic.com.co\/index.php\/habilidades\/","title":{"rendered":"Habilidades"},"content":{"rendered":"\t\t<div data-elementor-type=\"wp-page\" data-elementor-id=\"1606\" class=\"elementor elementor-1606\">\n\t\t\t\t\t\t<section class=\"elementor-section elementor-top-section elementor-element elementor-element-a0b88d8 elementor-section-boxed elementor-section-height-default elementor-section-height-default\" data-id=\"a0b88d8\" data-element_type=\"section\" data-e-type=\"section\">\n\t\t\t\t\t\t\t<div class=\"elementor-background-overlay\"><\/div>\n\t\t\t\t\t\t\t<div class=\"elementor-container elementor-column-gap-default\">\n\t\t\t\t\t<div class=\"elementor-column elementor-col-100 elementor-top-column elementor-element elementor-element-38ac03e\" data-id=\"38ac03e\" data-element_type=\"column\" data-e-type=\"column\">\n\t\t\t<div class=\"elementor-widget-wrap elementor-element-populated\">\n\t\t\t\t\t\t<div class=\"elementor-element elementor-element-2231ea8 elementor-widget elementor-widget-heading\" data-id=\"2231ea8\" data-element_type=\"widget\" data-e-type=\"widget\" data-widget_type=\"heading.default\">\n\t\t\t\t<div class=\"elementor-widget-container\">\n\t\t\t\t\t<h2 class=\"elementor-heading-title elementor-size-default\">Habilidades CTIAM<\/h2>\t\t\t\t<\/div>\n\t\t\t\t<\/div>\n\t\t\t\t\t<\/div>\n\t\t<\/div>\n\t\t\t\t\t<\/div>\n\t\t<\/section>\n\t\t\t\t<section class=\"elementor-section elementor-top-section elementor-element elementor-element-36df617 elementor-section-boxed elementor-section-height-default elementor-section-height-default\" data-id=\"36df617\" data-element_type=\"section\" data-e-type=\"section\">\n\t\t\t\t\t\t\t<div class=\"elementor-background-overlay\"><\/div>\n\t\t\t\t\t\t\t<div class=\"elementor-container elementor-column-gap-default\">\n\t\t\t\t\t<div class=\"elementor-column elementor-col-100 elementor-top-column elementor-element elementor-element-57b797c\" data-id=\"57b797c\" data-element_type=\"column\" data-e-type=\"column\">\n\t\t\t<div class=\"elementor-widget-wrap elementor-element-populated\">\n\t\t\t\t\t\t<div class=\"elementor-element elementor-element-bbc2cb2 elementor-tabs-view-horizontal elementor-widget elementor-widget-tabs\" data-id=\"bbc2cb2\" data-element_type=\"widget\" data-e-type=\"widget\" data-widget_type=\"tabs.default\">\n\t\t\t\t<div class=\"elementor-widget-container\">\n\t\t\t\t\t\t\t<div class=\"elementor-tabs\">\n\t\t\t<div class=\"elementor-tabs-wrapper\" role=\"tablist\" >\n\t\t\t\t\t\t\t\t\t<div id=\"elementor-tab-title-1961\" class=\"elementor-tab-title elementor-tab-desktop-title\" aria-selected=\"true\" data-tab=\"1\" role=\"tab\" tabindex=\"0\" aria-controls=\"elementor-tab-content-1961\" aria-expanded=\"false\">Ciencias<\/div>\n\t\t\t\t\t\t\t\t\t<div id=\"elementor-tab-title-1962\" class=\"elementor-tab-title elementor-tab-desktop-title\" aria-selected=\"false\" data-tab=\"2\" role=\"tab\" tabindex=\"-1\" aria-controls=\"elementor-tab-content-1962\" aria-expanded=\"false\">Tecnolog\u00eda<\/div>\n\t\t\t\t\t\t\t\t\t<div id=\"elementor-tab-title-1963\" class=\"elementor-tab-title elementor-tab-desktop-title\" aria-selected=\"false\" data-tab=\"3\" role=\"tab\" tabindex=\"-1\" aria-controls=\"elementor-tab-content-1963\" aria-expanded=\"false\">Ingenier\u00eda<\/div>\n\t\t\t\t\t\t\t\t\t<div id=\"elementor-tab-title-1964\" class=\"elementor-tab-title elementor-tab-desktop-title\" aria-selected=\"false\" data-tab=\"4\" role=\"tab\" tabindex=\"-1\" aria-controls=\"elementor-tab-content-1964\" aria-expanded=\"false\">Arte<\/div>\n\t\t\t\t\t\t\t\t\t<div id=\"elementor-tab-title-1965\" class=\"elementor-tab-title elementor-tab-desktop-title\" aria-selected=\"false\" data-tab=\"5\" role=\"tab\" tabindex=\"-1\" aria-controls=\"elementor-tab-content-1965\" aria-expanded=\"false\">Matem\u00e1ticas<\/div>\n\t\t\t\t\t\t\t\t\t<div id=\"elementor-tab-title-1966\" class=\"elementor-tab-title elementor-tab-desktop-title\" aria-selected=\"false\" data-tab=\"6\" role=\"tab\" tabindex=\"-1\" aria-controls=\"elementor-tab-content-1966\" aria-expanded=\"false\">Sociales<\/div>\n\t\t\t\t\t\t\t<\/div>\n\t\t\t<div class=\"elementor-tabs-content-wrapper\" role=\"tablist\" aria-orientation=\"vertical\">\n\t\t\t\t\t\t\t\t\t<div class=\"elementor-tab-title elementor-tab-mobile-title\" aria-selected=\"true\" data-tab=\"1\" role=\"tab\" tabindex=\"0\" aria-controls=\"elementor-tab-content-1961\" aria-expanded=\"false\">Ciencias<\/div>\n\t\t\t\t\t<div id=\"elementor-tab-content-1961\" class=\"elementor-tab-content elementor-clearfix\" data-tab=\"1\" role=\"tabpanel\" aria-labelledby=\"elementor-tab-title-1961\" tabindex=\"0\" hidden=\"false\"><p><img fetchpriority=\"high\" decoding=\"async\" class=\"aligncenter wp-image-1788 size-full\" src=\"http:\/\/uatic.com.co\/wp-content\/uploads\/2021\/09\/Uatic-para-pagina-ciencias.png\" alt=\"\" width=\"2048\" height=\"306\" srcset=\"https:\/\/uatic.com.co\/wp-content\/uploads\/2021\/09\/Uatic-para-pagina-ciencias.png 2048w, https:\/\/uatic.com.co\/wp-content\/uploads\/2021\/09\/Uatic-para-pagina-ciencias-300x45.png 300w, https:\/\/uatic.com.co\/wp-content\/uploads\/2021\/09\/Uatic-para-pagina-ciencias-1024x153.png 1024w, https:\/\/uatic.com.co\/wp-content\/uploads\/2021\/09\/Uatic-para-pagina-ciencias-768x115.png 768w, https:\/\/uatic.com.co\/wp-content\/uploads\/2021\/09\/Uatic-para-pagina-ciencias-1536x230.png 1536w, https:\/\/uatic.com.co\/wp-content\/uploads\/2021\/09\/Uatic-para-pagina-ciencias-600x90.png 600w\" sizes=\"(max-width: 2048px) 100vw, 2048px\" \/><\/p><p><span style=\"background-color: transparent; font-family: Arial; font-size: 14pt; white-space: pre-wrap; font-style: inherit; font-weight: inherit;\">El recorrido l\u00f3gico por las experiencias que relacionan la f\u00edsica, biolog\u00eda, la qu\u00edmica y las ciencias en general, nos permiten evidenciar y experimentar la transformaci\u00f3n de la materia y\u00a0 la energ\u00eda de tal forma que construimos un modelo de pensamiento relacional, as\u00ed como la familiaridad con los procesos mediante proyectos que evidencian el entorno cotidiano en los ecosistemas actuales.<\/span><\/p><\/div>\n\t\t\t\t\t\t\t\t\t<div class=\"elementor-tab-title elementor-tab-mobile-title\" aria-selected=\"false\" data-tab=\"2\" role=\"tab\" tabindex=\"-1\" aria-controls=\"elementor-tab-content-1962\" aria-expanded=\"false\">Tecnolog\u00eda<\/div>\n\t\t\t\t\t<div id=\"elementor-tab-content-1962\" class=\"elementor-tab-content elementor-clearfix\" data-tab=\"2\" role=\"tabpanel\" aria-labelledby=\"elementor-tab-title-1962\" tabindex=\"0\" hidden=\"hidden\"><p><img decoding=\"async\" class=\"aligncenter wp-image-2940\" src=\"http:\/\/uatic.com.co\/wp-content\/uploads\/2025\/10\/baner_tecnologia.png\" alt=\"\" width=\"1200\" height=\"180\" srcset=\"https:\/\/uatic.com.co\/wp-content\/uploads\/2025\/10\/baner_tecnologia.png 600w, https:\/\/uatic.com.co\/wp-content\/uploads\/2025\/10\/baner_tecnologia-300x45.png 300w\" sizes=\"(max-width: 1200px) 100vw, 1200px\" \/><\/p><p><span style=\"font-size: 14pt; font-family: Arial; background-color: transparent; font-variant-numeric: normal; font-variant-east-asian: normal; vertical-align: baseline; white-space: pre-wrap;\">La incursi\u00f3n tecnol\u00f3gica acelerada y casi invasiva de la tecnolog\u00eda, han desfigurado su potencial como herramienta perfecta dentro del desarrollo de los ecosistemas modernos, el programa de la Fundaci\u00f3n Uatic, mediante el programa de Ingenier\u00eda para Todos, integra de manera natural (nativa), el uso de las tecnolog\u00edas en sus diferentes expresiones y recursos, de tal forma que los estudiantes desarrollan habilidades no solo en el uso de las mismas, sino como una herramienta que le aporta significativamente en el desarrollo como individuo inmerso en la sociedad, para aportar en sus entornos en la identificaci\u00f3n y resoluci\u00f3n de problemas que afectan el ecosistema.<\/span><\/p><\/div>\n\t\t\t\t\t\t\t\t\t<div class=\"elementor-tab-title elementor-tab-mobile-title\" aria-selected=\"false\" data-tab=\"3\" role=\"tab\" tabindex=\"-1\" aria-controls=\"elementor-tab-content-1963\" aria-expanded=\"false\">Ingenier\u00eda<\/div>\n\t\t\t\t\t<div id=\"elementor-tab-content-1963\" class=\"elementor-tab-content elementor-clearfix\" data-tab=\"3\" role=\"tabpanel\" aria-labelledby=\"elementor-tab-title-1963\" tabindex=\"0\" hidden=\"hidden\"><p><img decoding=\"async\" class=\"aligncenter wp-image-1789 size-full\" src=\"http:\/\/uatic.com.co\/wp-content\/uploads\/2021\/09\/Uatic-para-pagina-Ingenieria.png\" alt=\"\" width=\"2048\" height=\"306\" srcset=\"https:\/\/uatic.com.co\/wp-content\/uploads\/2021\/09\/Uatic-para-pagina-Ingenieria.png 2048w, https:\/\/uatic.com.co\/wp-content\/uploads\/2021\/09\/Uatic-para-pagina-Ingenieria-300x45.png 300w, https:\/\/uatic.com.co\/wp-content\/uploads\/2021\/09\/Uatic-para-pagina-Ingenieria-1024x153.png 1024w, https:\/\/uatic.com.co\/wp-content\/uploads\/2021\/09\/Uatic-para-pagina-Ingenieria-768x115.png 768w, https:\/\/uatic.com.co\/wp-content\/uploads\/2021\/09\/Uatic-para-pagina-Ingenieria-1536x230.png 1536w, https:\/\/uatic.com.co\/wp-content\/uploads\/2021\/09\/Uatic-para-pagina-Ingenieria-600x90.png 600w\" sizes=\"(max-width: 2048px) 100vw, 2048px\" \/><\/p><p>Ense\u00f1amos para la comprensi\u00f3n en donde se potencializan las competencias y desempe\u00f1os para la vida.<\/p><p><span style=\"font-style: inherit;\">Es muy com\u00fan que dentro de los procesos de aprendizaje y en general socialmente se desfigure el proceso que forma a la ingenier\u00eda.<\/span><\/p><p>Su tendencia a la caracterizaci\u00f3n hacia un oficio o profesi\u00f3n desnaturaliza el esfuerzo y los logros en cuanto a desarrollo del pensamiento en los estudiantes. Mediante el programa de aprendizaje de la Fundaci\u00f3n Uatic, potencializamos la ingenier\u00eda como esa habilidad determinante en el desempe\u00f1o de cualquier profesi\u00f3n u oficio.\u00a0<\/p><p>Su naturaleza es el ingenio bajo criterios estructurados y ordenados en funci\u00f3n de la capacidad de innovar y hacer m\u00e1s eficientes y eficaces los recursos dentro de un ecosistema moderno.<\/p><p>El constante trabajo en \u00e1reas como: Trabajo en equipo, Comunicaci\u00f3n oral y escrita, Creatividad e innovaci\u00f3n, Gesti\u00f3n de riesgos, cambios y crisis, Inteligencia emocional. Liderazgo natural, llevar\u00e1n al estudiante de forma espont\u00e1nea a la formulaci\u00f3n y resoluci\u00f3n de problemas en cualquier contexto.<\/p><\/div>\n\t\t\t\t\t\t\t\t\t<div class=\"elementor-tab-title elementor-tab-mobile-title\" aria-selected=\"false\" data-tab=\"4\" role=\"tab\" tabindex=\"-1\" aria-controls=\"elementor-tab-content-1964\" aria-expanded=\"false\">Arte<\/div>\n\t\t\t\t\t<div id=\"elementor-tab-content-1964\" class=\"elementor-tab-content elementor-clearfix\" data-tab=\"4\" role=\"tabpanel\" aria-labelledby=\"elementor-tab-title-1964\" tabindex=\"0\" hidden=\"hidden\"><p><img loading=\"lazy\" decoding=\"async\" class=\"aligncenter wp-image-1790 size-full\" src=\"http:\/\/uatic.com.co\/wp-content\/uploads\/2021\/09\/Uatic-para-pagina-arte.png\" alt=\"\" width=\"2048\" height=\"306\" srcset=\"https:\/\/uatic.com.co\/wp-content\/uploads\/2021\/09\/Uatic-para-pagina-arte.png 2048w, https:\/\/uatic.com.co\/wp-content\/uploads\/2021\/09\/Uatic-para-pagina-arte-300x45.png 300w, https:\/\/uatic.com.co\/wp-content\/uploads\/2021\/09\/Uatic-para-pagina-arte-1024x153.png 1024w, https:\/\/uatic.com.co\/wp-content\/uploads\/2021\/09\/Uatic-para-pagina-arte-768x115.png 768w, https:\/\/uatic.com.co\/wp-content\/uploads\/2021\/09\/Uatic-para-pagina-arte-1536x230.png 1536w, https:\/\/uatic.com.co\/wp-content\/uploads\/2021\/09\/Uatic-para-pagina-arte-600x90.png 600w\" sizes=\"(max-width: 2048px) 100vw, 2048px\" \/><span style=\"font-weight: 400;\"><br \/><\/span><\/p><p><span style=\"font-weight: 400;\">Las artes en la tecnolog\u00eda simplemente son la expresi\u00f3n del ser, su sensibilidad\u00a0 para identificar,\u00a0 transformar, relacionar la\u00a0 percepci\u00f3n visual con la\u00a0 realidad es espacios definidos, la proporcionalidad, el detalle la expresi\u00f3n gr\u00e1fica, sensorial y del lenguaje hablado, son llevados de manera espont\u00e1nea y natural con la intenci\u00f3n de hacer de cada entorno un espacio muy humano y fomentar el tejido social.<\/span><\/p><\/div>\n\t\t\t\t\t\t\t\t\t<div class=\"elementor-tab-title elementor-tab-mobile-title\" aria-selected=\"false\" data-tab=\"5\" role=\"tab\" tabindex=\"-1\" aria-controls=\"elementor-tab-content-1965\" aria-expanded=\"false\">Matem\u00e1ticas<\/div>\n\t\t\t\t\t<div id=\"elementor-tab-content-1965\" class=\"elementor-tab-content elementor-clearfix\" data-tab=\"5\" role=\"tabpanel\" aria-labelledby=\"elementor-tab-title-1965\" tabindex=\"0\" hidden=\"hidden\"><p style=\"font-size: 16px; font-style: normal; font-weight: 400;\"><img loading=\"lazy\" decoding=\"async\" class=\"aligncenter wp-image-1791 size-full\" src=\"http:\/\/uatic.com.co\/wp-content\/uploads\/2021\/09\/Uatic-para-pagina-matematica.png\" alt=\"\" width=\"2048\" height=\"306\" srcset=\"https:\/\/uatic.com.co\/wp-content\/uploads\/2021\/09\/Uatic-para-pagina-matematica.png 2048w, https:\/\/uatic.com.co\/wp-content\/uploads\/2021\/09\/Uatic-para-pagina-matematica-300x45.png 300w, https:\/\/uatic.com.co\/wp-content\/uploads\/2021\/09\/Uatic-para-pagina-matematica-1024x153.png 1024w, https:\/\/uatic.com.co\/wp-content\/uploads\/2021\/09\/Uatic-para-pagina-matematica-768x115.png 768w, https:\/\/uatic.com.co\/wp-content\/uploads\/2021\/09\/Uatic-para-pagina-matematica-1536x230.png 1536w, https:\/\/uatic.com.co\/wp-content\/uploads\/2021\/09\/Uatic-para-pagina-matematica-600x90.png 600w\" sizes=\"(max-width: 2048px) 100vw, 2048px\" \/><\/p><p style=\"font-size: 16px; font-style: normal; font-weight: 400;\">Nuestro modelo est\u00e1 enfocado al aprendizaje colaborativo, cooperativo, creativo y aut\u00f3nomo.<\/p><p style=\"font-size: 16px; font-style: normal; font-weight: 400;\"><span style=\"font-style: inherit;\">El desarrollo y fortalecimiento de habilidades en matem\u00e1ticas est\u00e1 fundamentado en generar espacios genuinos, relacionados con el entorno de los estudiantes, de tal forma que puedan elaborar, comparar, descubrir y generar algoritmos, secuencias, explicar eficiencias o deficiencias de procesos. As\u00ed mismo se forma una estructura que le permite dominar procedimientos, algoritmos matem\u00e1ticos, variaciones, secuencias, principios de la f\u00edsica, geometr\u00eda, etc, que formar\u00e1n el pensamiento computacional y lograr\u00e1n resultados que permanecen en el tiempo y potencializan la confianza en las toma de decisiones.<\/span><\/p><\/div>\n\t\t\t\t\t\t\t\t\t<div class=\"elementor-tab-title elementor-tab-mobile-title\" aria-selected=\"false\" data-tab=\"6\" role=\"tab\" tabindex=\"-1\" aria-controls=\"elementor-tab-content-1966\" aria-expanded=\"false\">Sociales<\/div>\n\t\t\t\t\t<div id=\"elementor-tab-content-1966\" class=\"elementor-tab-content elementor-clearfix\" data-tab=\"6\" role=\"tabpanel\" aria-labelledby=\"elementor-tab-title-1966\" tabindex=\"0\" hidden=\"hidden\"><p><img loading=\"lazy\" decoding=\"async\" class=\"aligncenter wp-image-1793 size-full\" style=\"font-style: inherit;\" src=\"http:\/\/uatic.com.co\/wp-content\/uploads\/2021\/09\/Uatic-para-pagina-sociales.png\" alt=\"\" width=\"2048\" height=\"306\" srcset=\"https:\/\/uatic.com.co\/wp-content\/uploads\/2021\/09\/Uatic-para-pagina-sociales.png 2048w, https:\/\/uatic.com.co\/wp-content\/uploads\/2021\/09\/Uatic-para-pagina-sociales-300x45.png 300w, https:\/\/uatic.com.co\/wp-content\/uploads\/2021\/09\/Uatic-para-pagina-sociales-1024x153.png 1024w, https:\/\/uatic.com.co\/wp-content\/uploads\/2021\/09\/Uatic-para-pagina-sociales-768x115.png 768w, https:\/\/uatic.com.co\/wp-content\/uploads\/2021\/09\/Uatic-para-pagina-sociales-1536x230.png 1536w, https:\/\/uatic.com.co\/wp-content\/uploads\/2021\/09\/Uatic-para-pagina-sociales-600x90.png 600w\" sizes=\"(max-width: 2048px) 100vw, 2048px\" \/><\/p><p><span style=\"font-weight: 400;\">Trabajamos bajo una concepci\u00f3n human\u00edstica, conformaci\u00f3n integral, social y del lenguaje a trav\u00e9s de la expresi\u00f3n natural.<\/span><\/p><p><span style=\"font-weight: 400;\">Vivir la experiencia maravillosas del aprendizaje mediante un programa que busca identificar al ser humano \u00fanico, pero que es miembro de diversas organizaciones sociales necesarias para el desarrollo personal y comunitario, permite a los estudiantes, de manera natural expresar claramente su ideas, reconocer las de sus compa\u00f1eros, meditar y hacer comparaciones para generar conclusiones en beneficio del ecosistema, as\u00ed como disfrutar de la experiencia de compartir de manera clara y eficaz los diferentes procesos, fen\u00f3menos y detalles de un proyecto.<\/span><\/p><\/div>\n\t\t\t\t\t\t\t<\/div>\n\t\t<\/div>\n\t\t\t\t\t\t<\/div>\n\t\t\t\t<\/div>\n\t\t\t\t\t<\/div>\n\t\t<\/div>\n\t\t\t\t\t<\/div>\n\t\t<\/section>\n\t\t\t\t<\/div>\n\t\t","protected":false},"excerpt":{"rendered":"<p>Habilidades CTIAM Ciencias Tecnolog\u00eda Ingenier\u00eda Arte Matem\u00e1ticas Sociales Ciencias El recorrido l\u00f3gico por las experiencias que relacionan la f\u00edsica, biolog\u00eda, la qu\u00edmica y las ciencias en general, nos permiten evidenciar y experimentar la transformaci\u00f3n de la materia y\u00a0 la energ\u00eda de tal forma que construimos un modelo de pensamiento relacional, as\u00ed como la familiaridad con [&hellip;]<\/p>\n","protected":false},"author":1,"featured_media":0,"parent":0,"menu_order":0,"comment_status":"closed","ping_status":"closed","template":"","meta":{"site-sidebar-layout":"no-sidebar","site-content-layout":"page-builder","ast-site-content-layout":"full-width-container","site-content-style":"unboxed","site-sidebar-style":"unboxed","ast-global-header-display":"","ast-banner-title-visibility":"","ast-main-header-display":"","ast-hfb-above-header-display":"","ast-hfb-below-header-display":"","ast-hfb-mobile-header-display":"","site-post-title":"disabled","ast-breadcrumbs-content":"","ast-featured-img":"disabled","footer-sml-layout":"","ast-disable-related-posts":"","theme-transparent-header-meta":"default","adv-header-id-meta":"","stick-header-meta":"","header-above-stick-meta":"","header-main-stick-meta":"","header-below-stick-meta":"","astra-migrate-meta-layouts":"set","ast-page-background-enabled":"default","ast-page-background-meta":{"desktop":{"background-color":"","background-image":"","background-repeat":"repeat","background-position":"center center","background-size":"auto","background-attachment":"scroll","background-type":"","background-media":"","overlay-type":"","overlay-color":"","overlay-opacity":"","overlay-gradient":""},"tablet":{"background-color":"","background-image":"","background-repeat":"repeat","background-position":"center center","background-size":"auto","background-attachment":"scroll","background-type":"","background-media":"","overlay-type":"","overlay-color":"","overlay-opacity":"","overlay-gradient":""},"mobile":{"background-color":"","background-image":"","background-repeat":"repeat","background-position":"center center","background-size":"auto","background-attachment":"scroll","background-type":"","background-media":"","overlay-type":"","overlay-color":"","overlay-opacity":"","overlay-gradient":""}},"ast-content-background-meta":{"desktop":{"background-color":"var(--ast-global-color-5)","background-image":"","background-repeat":"repeat","background-position":"center center","background-size":"auto","background-attachment":"scroll","background-type":"","background-media":"","overlay-type":"","overlay-color":"","overlay-opacity":"","overlay-gradient":""},"tablet":{"background-color":"var(--ast-global-color-5)","background-image":"","background-repeat":"repeat","background-position":"center center","background-size":"auto","background-attachment":"scroll","background-type":"","background-media":"","overlay-type":"","overlay-color":"","overlay-opacity":"","overlay-gradient":""},"mobile":{"background-color":"var(--ast-global-color-5)","background-image":"","background-repeat":"repeat","background-position":"center center","background-size":"auto","background-attachment":"scroll","background-type":"","background-media":"","overlay-type":"","overlay-color":"","overlay-opacity":"","overlay-gradient":""}},"footnotes":""},"class_list":["post-1606","page","type-page","status-publish","hentry"],"aioseo_notices":[],"jetpack_sharing_enabled":true,"_links":{"self":[{"href":"https:\/\/uatic.com.co\/index.php\/wp-json\/wp\/v2\/pages\/1606","targetHints":{"allow":["GET"]}}],"collection":[{"href":"https:\/\/uatic.com.co\/index.php\/wp-json\/wp\/v2\/pages"}],"about":[{"href":"https:\/\/uatic.com.co\/index.php\/wp-json\/wp\/v2\/types\/page"}],"author":[{"embeddable":true,"href":"https:\/\/uatic.com.co\/index.php\/wp-json\/wp\/v2\/users\/1"}],"replies":[{"embeddable":true,"href":"https:\/\/uatic.com.co\/index.php\/wp-json\/wp\/v2\/comments?post=1606"}],"version-history":[{"count":40,"href":"https:\/\/uatic.com.co\/index.php\/wp-json\/wp\/v2\/pages\/1606\/revisions"}],"predecessor-version":[{"id":2943,"href":"https:\/\/uatic.com.co\/index.php\/wp-json\/wp\/v2\/pages\/1606\/revisions\/2943"}],"wp:attachment":[{"href":"https:\/\/uatic.com.co\/index.php\/wp-json\/wp\/v2\/media?parent=1606"}],"curies":[{"name":"wp","href":"https:\/\/api.w.org\/{rel}","templated":true}]}}